{"id":933,"date":"2021-11-19T14:25:01","date_gmt":"2021-11-19T14:25:01","guid":{"rendered":"https:\/\/rejestratorwilgotnosci.pl\/wp\/?page_id=933"},"modified":"2021-11-19T14:37:02","modified_gmt":"2021-11-19T14:37:02","slug":"miniaturowy-rejestrator-temperatury-usb-tempmate-b3","status":"publish","type":"page","link":"https:\/\/rejestratorwilgotnosci.pl\/wp\/miniaturowy-rejestrator-temperatury-usb-tempmate-b3\/","title":{"rendered":"Miniaturowy rejestrator temperatury USB tempmate-B3"},"content":{"rendered":"\t\t<div data-elementor-type=\"wp-page\" data-elementor-id=\"933\" class=\"elementor elementor-933\">\n\t\t\t\t\t\t\t\t\t<section class=\"elementor-section elementor-top-section elementor-element elementor-element-5cbe2f0 elementor-section-boxed elementor-section-height-default elementor-section-height-default\" data-id=\"5cbe2f0\" data-element_type=\"section\">\n\t\t\t\t\t\t<div class=\"elementor-container elementor-column-gap-default\">\n\t\t\t\t\t<div class=\"elementor-column elementor-col-100 elementor-top-column elementor-element elementor-element-5a09f38\" data-id=\"5a09f38\" data-element_type=\"column\">\n\t\t\t<div class=\"elementor-widget-wrap elementor-element-populated\">\n\t\t\t\t\t\t\t\t<div class=\"elementor-element elementor-element-ebd1939 elementor-skin-carousel elementor-arrows-yes elementor-pagination-type-bullets elementor-pagination-position-outside elementor-widget elementor-widget-media-carousel\" data-id=\"ebd1939\" data-element_type=\"widget\" data-settings=\"{&quot;skin&quot;:&quot;carousel&quot;,&quot;effect&quot;:&quot;slide&quot;,&quot;show_arrows&quot;:&quot;yes&quot;,&quot;pagination&quot;:&quot;bullets&quot;,&quot;speed&quot;:500,&quot;autoplay&quot;:&quot;yes&quot;,&quot;autoplay_speed&quot;:5000,&quot;loop&quot;:&quot;yes&quot;,&quot;pause_on_hover&quot;:&quot;yes&quot;,&quot;pause_on_interaction&quot;:&quot;yes&quot;,&quot;space_between&quot;:{&quot;unit&quot;:&quot;px&quot;,&quot;size&quot;:10,&quot;sizes&quot;:[]},&quot;space_between_tablet&quot;:{&quot;unit&quot;:&quot;px&quot;,&quot;size&quot;:10,&quot;sizes&quot;:[]},&quot;space_between_mobile&quot;:{&quot;unit&quot;:&quot;px&quot;,&quot;size&quot;:10,&quot;sizes&quot;:[]}}\" data-widget_type=\"media-carousel.default\">\n\t\t\t\t<div class=\"elementor-widget-container\">\n\t\t\t<link rel=\"stylesheet\" href=\"https:\/\/rejestratorwilgotnosci.pl\/wp\/wp-content\/plugins\/elementor-pro\/assets\/css\/widget-carousel.min.css\">\t\t<div class=\"elementor-swiper\">\n\t\t\t<div class=\"elementor-main-swiper swiper-container\">\n\t\t\t\t<div class=\"swiper-wrapper\">\n\t\t\t\t\t\t\t\t\t\t\t<div class=\"swiper-slide\">\n\t\t\t\t\t\t\t\t\t<div class=\"elementor-carousel-image\" role=\"img\" aria-label=\"Miniaturowy rejestrator temperatury USB tempmate.\u00ae-B3\" style=\"background-image: url(&#039;https:\/\/rejestratorwilgotnosci.pl\/wp\/wp-content\/uploads\/2021\/11\/rejestrator-temperatury-b3.png&#039;)\">\n\n\t\t\t\n\t\t\t\t\t<\/div>\n\t\t\t\t\t\t\t\t<\/div>\n\t\t\t\t\t\t\t\t\t\t\t<div class=\"swiper-slide\">\n\t\t\t\t\t\t\t\t\t<div class=\"elementor-carousel-image\" role=\"img\" aria-label=\"Miniaturowy rejestrator temperatury USB tempmate.\u00ae-B3\" style=\"background-image: url(&#039;https:\/\/rejestratorwilgotnosci.pl\/wp\/wp-content\/uploads\/2021\/11\/rejestrator-temperatury-b5.jpg&#039;)\">\n\n\t\t\t\n\t\t\t\t\t<\/div>\n\t\t\t\t\t\t\t\t<\/div>\n\t\t\t\t\t\t\t\t\t<\/div>\n\t\t\t\t\t\t\t\t\t\t\t\t\t\t\t<div class=\"swiper-pagination\"><\/div>\n\t\t\t\t\t\t\t\t\t\t\t\t\t\t\t\t<div class=\"elementor-swiper-button elementor-swiper-button-prev\" role=\"button\" tabindex=\"0\">\n\t\t\t\t\t\t\t<i aria-hidden=\"true\" class=\"eicon-chevron-left\"><\/i>\t\t\t\t\t\t\t<span class=\"elementor-screen-only\">Poprzedni<\/span>\n\t\t\t\t\t\t<\/div>\n\t\t\t\t\t\t<div class=\"elementor-swiper-button elementor-swiper-button-next\" role=\"button\" tabindex=\"0\">\n\t\t\t\t\t\t\t<i aria-hidden=\"true\" class=\"eicon-chevron-right\"><\/i>\t\t\t\t\t\t\t<span class=\"elementor-screen-only\">Nast\u0119pny<\/span>\n\t\t\t\t\t\t<\/div>\n\t\t\t\t\t\t\t\t\t\t\t\t<\/div>\n\t\t<\/div>\n\t\t\t\t<\/div>\n\t\t\t\t<\/div>\n\t\t\t\t\t<\/div>\n\t\t<\/div>\n\t\t\t\t\t\t\t<\/div>\n\t\t<\/section>\n\t\t\t\t<section class=\"elementor-section elementor-top-section elementor-element elementor-element-31994ee elementor-section-boxed elementor-section-height-default elementor-section-height-default\" data-id=\"31994ee\" data-element_type=\"section\">\n\t\t\t\t\t\t<div class=\"elementor-container elementor-column-gap-default\">\n\t\t\t\t\t<div class=\"elementor-column elementor-col-100 elementor-top-column elementor-element elementor-element-194f9bc\" data-id=\"194f9bc\" data-element_type=\"column\">\n\t\t\t<div class=\"elementor-widget-wrap elementor-element-populated\">\n\t\t\t\t\t\t\t\t<div class=\"elementor-element elementor-element-7df5c9c elementor-widget elementor-widget-text-editor\" data-id=\"7df5c9c\" data-element_type=\"widget\" data-widget_type=\"text-editor.default\">\n\t\t\t\t<div class=\"elementor-widget-container\">\n\t\t\t<style>\/*! elementor - v3.18.0 - 20-12-2023 *\/\n.elementor-widget-text-editor.elementor-drop-cap-view-stacked .elementor-drop-cap{background-color:#69727d;color:#fff}.elementor-widget-text-editor.elementor-drop-cap-view-framed .elementor-drop-cap{color:#69727d;border:3px solid;background-color:transparent}.elementor-widget-text-editor:not(.elementor-drop-cap-view-default) .elementor-drop-cap{margin-top:8px}.elementor-widget-text-editor:not(.elementor-drop-cap-view-default) .elementor-drop-cap-letter{width:1em;height:1em}.elementor-widget-text-editor .elementor-drop-cap{float:left;text-align:center;line-height:1;font-size:50px}.elementor-widget-text-editor .elementor-drop-cap-letter{display:inline-block}<\/style>\t\t\t\t<div><span class=\"fs16\">Miniaturowy rejestrator tempmate-B3 to najprostszy rejestrator z serii tempmate-B. Potrafi zarejestrowa\u0107 8192 (przy pomiarze 8 bit) lub 4096 (przy pomiarze 11 bit) pomiar\u00f3w temperatury. Urz\u0105dzenie wyr\u00f3\u017cnia si\u0119 rozszerzonym zakresem pomiarowym 0\u00b0C do + 125\u00b0C \u00a0i dobr\u0105 dok\u0142adno\u015b\u0107 (do \u00b1 0.5\u00b0C). \u00a0Rejestrator ma niezwykle ma\u0142e rozmiary (podobne do bateryjki do zegarka). Obudowa urz\u0105dzenia jest solidnie wykonana ze stali nierdzewnej, a ca\u0142y rejestrator wpisuje si\u0119 w wysok\u0105 jako\u015b\u0107 niemieckiej marki tempmate.<br \/><\/span><\/div><div>\u00a0<\/div><div><span class=\"fs16\">Rejestrator programuje si\u0119 i odczytuje pod\u0142\u0105czaj\u0105c go do komputera przez prosty, miniaturowy i tani interface.<\/span><\/div><div><span class=\"fs16\">Oprogramowanie potrzebne do programowania, odczytu i wizualizacji pomiar\u00f3w w swej podstawowej wersji nazywa si\u0119 TempIT-Lite i jest BEZP\u0141ATNE.<\/span><\/div><div>\u00a0<\/div><div><span class=\"fs16\">W razie potrzeby do minirejestratora tempmate-B3 oferujemy szeroki zakres uchwyt\u00f3w, w kt\u00f3rych mo\u017cna umieszcza\u0107 urz\u0105dzenie.<\/span><\/div><div>\u00a0<\/div><div><span class=\"fs16\">Tempmate &#8211; wysoka niemiecka jako\u015b\u0107 i przyst\u0119pna cena.<\/span><\/div>\t\t\t\t\t\t<\/div>\n\t\t\t\t<\/div>\n\t\t\t\t\t<\/div>\n\t\t<\/div>\n\t\t\t\t\t\t\t<\/div>\n\t\t<\/section>\n\t\t\t\t<section class=\"elementor-section elementor-top-section elementor-element elementor-element-19032d7 elementor-section-boxed elementor-section-height-default elementor-section-height-default\" data-id=\"19032d7\" data-element_type=\"section\">\n\t\t\t\t\t\t<div class=\"elementor-container elementor-column-gap-default\">\n\t\t\t\t\t<div class=\"elementor-column elementor-col-100 elementor-top-column elementor-element elementor-element-d099739\" data-id=\"d099739\" data-element_type=\"column\">\n\t\t\t<div class=\"elementor-widget-wrap elementor-element-populated\">\n\t\t\t\t\t\t\t\t<div class=\"elementor-element elementor-element-ff6554f elementor-invisible elementor-widget elementor-widget-button\" data-id=\"ff6554f\" data-element_type=\"widget\" data-settings=\"{&quot;_animation&quot;:&quot;bounceIn&quot;}\" data-widget_type=\"button.default\">\n\t\t\t\t<div class=\"elementor-widget-container\">\n\t\t\t\t\t<div class=\"elementor-button-wrapper\">\n\t\t\t<a class=\"elementor-button elementor-button-link elementor-size-md elementor-animation-pulse\" href=\"#\">\n\t\t\t\t\t\t<span class=\"elementor-button-content-wrapper\">\n\t\t\t\t\t\t<span class=\"elementor-button-text\">NAJWA\u017bNIEJSZE CECHY<\/span>\n\t\t<\/span>\n\t\t\t\t\t<\/a>\n\t\t<\/div>\n\t\t\t\t<\/div>\n\t\t\t\t<\/div>\n\t\t\t\t\t<\/div>\n\t\t<\/div>\n\t\t\t\t\t\t\t<\/div>\n\t\t<\/section>\n\t\t\t\t<section class=\"elementor-section elementor-top-section elementor-element elementor-element-de0cb42 elementor-section-boxed elementor-section-height-default elementor-section-height-default\" data-id=\"de0cb42\" data-element_type=\"section\">\n\t\t\t\t\t\t<div class=\"elementor-container elementor-column-gap-default\">\n\t\t\t\t\t<div class=\"elementor-column elementor-col-100 elementor-top-column elementor-element elementor-element-d564b5b\" data-id=\"d564b5b\" data-element_type=\"column\">\n\t\t\t<div class=\"elementor-widget-wrap elementor-element-populated\">\n\t\t\t\t\t\t\t\t<div class=\"elementor-element elementor-element-0ef3329 elementor-widget elementor-widget-text-editor\" data-id=\"0ef3329\" data-element_type=\"widget\" data-widget_type=\"text-editor.default\">\n\t\t\t\t<div class=\"elementor-widget-container\">\n\t\t\t\t\t\t\t<div><ul><li><span class=\"fs16\">Zakres pomiarowy: -20\u00b0C do +125\u00b0C.<br \/><\/span><\/li><li><span class=\"fs16\">Miniaturowe rozmiary.<br \/><\/span><\/li><li><span class=\"fs16\">Opcjonalny Certyfikat Kalibracyjny.<br \/><\/span><\/li><li><span class=\"fs16\">Bezp\u0142atne oprogramowanie TempIt-Lite.<br \/><\/span><\/li><li><span class=\"fs16\">Pomiar 8Bit lub 11Bit.<br \/><\/span><\/li><li><span class=\"fs16\">Mo\u017cliwo\u015b\u0107 podwy\u017cszenia dok\u0142adno\u015bci do\u00a0\u00b1 0.2\u00b0C w zakresie od 80\u00b0C do 125\u00b0C.<\/span><\/li><\/ul><\/div>\t\t\t\t\t\t<\/div>\n\t\t\t\t<\/div>\n\t\t\t\t\t<\/div>\n\t\t<\/div>\n\t\t\t\t\t\t\t<\/div>\n\t\t<\/section>\n\t\t\t\t<section class=\"elementor-section elementor-top-section elementor-element elementor-element-ca77af8 elementor-section-boxed elementor-section-height-default elementor-section-height-default\" data-id=\"ca77af8\" data-element_type=\"section\">\n\t\t\t\t\t\t<div class=\"elementor-container elementor-column-gap-default\">\n\t\t\t\t\t<div class=\"elementor-column elementor-col-100 elementor-top-column elementor-element elementor-element-8e255d2\" data-id=\"8e255d2\" data-element_type=\"column\">\n\t\t\t<div class=\"elementor-widget-wrap elementor-element-populated\">\n\t\t\t\t\t\t\t\t<div class=\"elementor-element elementor-element-391f208 elementor-invisible elementor-widget elementor-widget-button\" data-id=\"391f208\" data-element_type=\"widget\" data-settings=\"{&quot;_animation&quot;:&quot;bounceIn&quot;}\" data-widget_type=\"button.default\">\n\t\t\t\t<div class=\"elementor-widget-container\">\n\t\t\t\t\t<div class=\"elementor-button-wrapper\">\n\t\t\t<a class=\"elementor-button elementor-button-link elementor-size-md elementor-animation-pulse\" href=\"#\">\n\t\t\t\t\t\t<span class=\"elementor-button-content-wrapper\">\n\t\t\t\t\t\t<span class=\"elementor-button-text\">CHARAKTERYSTYKA<\/span>\n\t\t<\/span>\n\t\t\t\t\t<\/a>\n\t\t<\/div>\n\t\t\t\t<\/div>\n\t\t\t\t<\/div>\n\t\t\t\t\t<\/div>\n\t\t<\/div>\n\t\t\t\t\t\t\t<\/div>\n\t\t<\/section>\n\t\t\t\t<section class=\"elementor-section elementor-top-section elementor-element elementor-element-a81f85c elementor-section-boxed elementor-section-height-default elementor-section-height-default\" data-id=\"a81f85c\" data-element_type=\"section\">\n\t\t\t\t\t\t<div class=\"elementor-container elementor-column-gap-default\">\n\t\t\t\t\t<div class=\"elementor-column elementor-col-100 elementor-top-column elementor-element elementor-element-e31c5ce\" data-id=\"e31c5ce\" data-element_type=\"column\">\n\t\t\t<div class=\"elementor-widget-wrap elementor-element-populated\">\n\t\t\t\t\t\t\t\t<div class=\"elementor-element elementor-element-95ca21b elementor-widget elementor-widget-text-editor\" data-id=\"95ca21b\" data-element_type=\"widget\" data-widget_type=\"text-editor.default\">\n\t\t\t\t<div class=\"elementor-widget-container\">\n\t\t\t\t\t\t\t<ul><li><strong>Zakres pomiarowy:<\/strong>-0\u00b0C to + 125\u00b0C<\/li><li><strong>Dok\u0142adno\u015b\u0107:<\/strong>\u00b1 0.5\u00b0C w zakresie od +20\u00b0C do +75\u00b0C; \u00a0\u00b1 1.0\u00b0C w zakresie od 0\u00b0C do +20\u00b0C; \u00b1 1.5\u00b0C w zakresie od +115\u00b0C do +125\u00b0C.<\/li><li><strong>Zasilanie:<\/strong>Wewn\u0119trzna 3.0V bateria litowa<\/li><li><strong>Cz\u0119stotliwo\u015b\u0107 pr\u00f3bkowania:<\/strong>1 sekunda do 24 godzin<\/li><li><strong>Pami\u0119\u0107:<\/strong>8192 warto\u015bci pomiarowych (8 bit) lub\u00a04096 wartosci pomiarowych\u200b\u200b (11 bit)<\/li><li><strong>Rozdzielczo\u015b\u0107:\u00a0<\/strong>5\u00b0C (8bit) lub\u00a00.07\u00b0C (11bit)<\/li><li><strong>Wymiary:<\/strong>\u00d817mm x 6mm<\/li><li><strong>Waga<\/strong>: 4g<\/li><li><strong>Obudowa:<\/strong>305SS nierdzewna stal<\/li><li><strong>Klasa ochrony:\u00a0<\/strong>IP55, bryzgoodporna<\/li><li><strong>Po\u0142\u0105czenie do komputera PC:<\/strong>USB<\/li><li><strong>Tryby pomiarowe:<\/strong>Stop po zape\u0142nieniu pami\u0119ciu lub Nadpisywanie po zape\u0142nieniu pami\u0119ci<\/li><li><strong>Alarmy (progi alarmowe):\u00a0<\/strong>Definiowane Min i Max<\/li><li><strong>Op\u00f3\u017anienie startu rejestracji:<\/strong>Tak, max. 12 miesi\u0119cy przy 1 minutowym interwale pomiarowym<\/li><li><strong>Identyfikacja w\u0142a\u015bciciela:<\/strong> 32 znaki<\/li><li><strong>Identyfikacja u\u017cytkownika:<\/strong> 64 znaki<\/li><li><strong>Uwaga: <\/strong>Opcjonalna 3-punktowa kalibracja fabryczna z podwy\u017cszeniem dok\u0142adno\u015bci do \u00a0\u00b1 0.2\u00b0C w zakresie od 80\u00b0C do 125\u00b0C.<\/li><\/ul>\t\t\t\t\t\t<\/div>\n\t\t\t\t<\/div>\n\t\t\t\t\t<\/div>\n\t\t<\/div>\n\t\t\t\t\t\t\t<\/div>\n\t\t<\/section>\n\t\t\t\t<section class=\"elementor-section elementor-top-section elementor-element elementor-element-aab44c7 elementor-section-boxed elementor-section-height-default elementor-section-height-default\" data-id=\"aab44c7\" data-element_type=\"section\">\n\t\t\t\t\t\t<div class=\"elementor-container elementor-column-gap-default\">\n\t\t\t\t\t<div class=\"elementor-column elementor-col-100 elementor-top-column elementor-element elementor-element-645907a\" data-id=\"645907a\" data-element_type=\"column\">\n\t\t\t<div class=\"elementor-widget-wrap elementor-element-populated\">\n\t\t\t\t\t\t\t\t<div class=\"elementor-element elementor-element-8f81d49 elementor-invisible elementor-widget elementor-widget-button\" data-id=\"8f81d49\" data-element_type=\"widget\" data-settings=\"{&quot;_animation&quot;:&quot;bounceIn&quot;}\" data-widget_type=\"button.default\">\n\t\t\t\t<div class=\"elementor-widget-container\">\n\t\t\t\t\t<div class=\"elementor-button-wrapper\">\n\t\t\t<a class=\"elementor-button elementor-button-link elementor-size-md elementor-animation-pulse\" href=\"#\">\n\t\t\t\t\t\t<span class=\"elementor-button-content-wrapper\">\n\t\t\t\t\t\t<span class=\"elementor-button-text\">PRZYK\u0141ADOWE APLIKATORY I UCHWYTY DLA REJESTRATORA<\/span>\n\t\t<\/span>\n\t\t\t\t\t<\/a>\n\t\t<\/div>\n\t\t\t\t<\/div>\n\t\t\t\t<\/div>\n\t\t\t\t\t<\/div>\n\t\t<\/div>\n\t\t\t\t\t\t\t<\/div>\n\t\t<\/section>\n\t\t\t\t<section class=\"elementor-section elementor-top-section elementor-element elementor-element-8b76747 elementor-section-boxed elementor-section-height-default elementor-section-height-default\" data-id=\"8b76747\" data-element_type=\"section\">\n\t\t\t\t\t\t<div class=\"elementor-container elementor-column-gap-default\">\n\t\t\t\t\t<div class=\"elementor-column elementor-col-100 elementor-top-column elementor-element elementor-element-82661ef\" data-id=\"82661ef\" data-element_type=\"column\">\n\t\t\t<div class=\"elementor-widget-wrap elementor-element-populated\">\n\t\t\t\t\t\t\t\t<div class=\"elementor-element elementor-element-e5e349d elementor-skin-carousel elementor-arrows-yes elementor-pagination-type-bullets elementor-pagination-position-outside elementor-widget elementor-widget-media-carousel\" data-id=\"e5e349d\" data-element_type=\"widget\" data-settings=\"{&quot;skin&quot;:&quot;carousel&quot;,&quot;effect&quot;:&quot;slide&quot;,&quot;show_arrows&quot;:&quot;yes&quot;,&quot;pagination&quot;:&quot;bullets&quot;,&quot;speed&quot;:500,&quot;autoplay&quot;:&quot;yes&quot;,&quot;autoplay_speed&quot;:5000,&quot;loop&quot;:&quot;yes&quot;,&quot;pause_on_hover&quot;:&quot;yes&quot;,&quot;pause_on_interaction&quot;:&quot;yes&quot;,&quot;space_between&quot;:{&quot;unit&quot;:&quot;px&quot;,&quot;size&quot;:10,&quot;sizes&quot;:[]},&quot;space_between_tablet&quot;:{&quot;unit&quot;:&quot;px&quot;,&quot;size&quot;:10,&quot;sizes&quot;:[]},&quot;space_between_mobile&quot;:{&quot;unit&quot;:&quot;px&quot;,&quot;size&quot;:10,&quot;sizes&quot;:[]}}\" data-widget_type=\"media-carousel.default\">\n\t\t\t\t<div class=\"elementor-widget-container\">\n\t\t\t\t\t<div class=\"elementor-swiper\">\n\t\t\t<div class=\"elementor-main-swiper swiper-container\">\n\t\t\t\t<div class=\"swiper-wrapper\">\n\t\t\t\t\t\t\t\t\t\t\t<div class=\"swiper-slide\">\n\t\t\t\t\t\t\t\t\t<div class=\"elementor-carousel-image\" role=\"img\" aria-label=\"4\" style=\"background-image: url(&#039;https:\/\/rejestratorwilgotnosci.pl\/wp\/wp-content\/uploads\/2021\/11\/4.webp&#039;)\">\n\n\t\t\t\n\t\t\t\t\t<\/div>\n\t\t\t\t\t\t\t\t<\/div>\n\t\t\t\t\t\t\t\t\t\t\t<div class=\"swiper-slide\">\n\t\t\t\t\t\t\t\t\t<div class=\"elementor-carousel-image\" role=\"img\" aria-label=\"3\" style=\"background-image: url(&#039;https:\/\/rejestratorwilgotnosci.pl\/wp\/wp-content\/uploads\/2021\/11\/3.webp&#039;)\">\n\n\t\t\t\n\t\t\t\t\t<\/div>\n\t\t\t\t\t\t\t\t<\/div>\n\t\t\t\t\t\t\t\t\t\t\t<div class=\"swiper-slide\">\n\t\t\t\t\t\t\t\t\t<div class=\"elementor-carousel-image\" role=\"img\" aria-label=\"2\" style=\"background-image: url(&#039;https:\/\/rejestratorwilgotnosci.pl\/wp\/wp-content\/uploads\/2021\/11\/2.webp&#039;)\">\n\n\t\t\t\n\t\t\t\t\t<\/div>\n\t\t\t\t\t\t\t\t<\/div>\n\t\t\t\t\t\t\t\t\t\t\t<div class=\"swiper-slide\">\n\t\t\t\t\t\t\t\t\t<div class=\"elementor-carousel-image\" role=\"img\" aria-label=\"1\" style=\"background-image: url(&#039;https:\/\/rejestratorwilgotnosci.pl\/wp\/wp-content\/uploads\/2021\/11\/1.webp&#039;)\">\n\n\t\t\t\n\t\t\t\t\t<\/div>\n\t\t\t\t\t\t\t\t<\/div>\n\t\t\t\t\t\t\t\t\t<\/div>\n\t\t\t\t\t\t\t\t\t\t\t\t\t\t\t<div class=\"swiper-pagination\"><\/div>\n\t\t\t\t\t\t\t\t\t\t\t\t\t\t\t\t<div class=\"elementor-swiper-button elementor-swiper-button-prev\" role=\"button\" tabindex=\"0\">\n\t\t\t\t\t\t\t<i aria-hidden=\"true\" class=\"eicon-chevron-left\"><\/i>\t\t\t\t\t\t\t<span class=\"elementor-screen-only\">Poprzedni<\/span>\n\t\t\t\t\t\t<\/div>\n\t\t\t\t\t\t<div class=\"elementor-swiper-button elementor-swiper-button-next\" role=\"button\" tabindex=\"0\">\n\t\t\t\t\t\t\t<i aria-hidden=\"true\" class=\"eicon-chevron-right\"><\/i>\t\t\t\t\t\t\t<span class=\"elementor-screen-only\">Nast\u0119pny<\/span>\n\t\t\t\t\t\t<\/div>\n\t\t\t\t\t\t\t\t\t\t\t\t<\/div>\n\t\t<\/div>\n\t\t\t\t<\/div>\n\t\t\t\t<\/div>\n\t\t\t\t\t<\/div>\n\t\t<\/div>\n\t\t\t\t\t\t\t<\/div>\n\t\t<\/section>\n\t\t\t\t\t\t\t<\/div>\n\t\t","protected":false},"excerpt":{"rendered":"<p>Previous Next Miniaturowy rejestrator tempmate-B3 to najprostszy rejestrator z serii tempmate-B. Potrafi zarejestrowa\u0107 8192 (przy pomiarze 8 bit) lub 4096 (przy pomiarze 11 bit) pomiar\u00f3w temperatury. Urz\u0105dzenie wyr\u00f3\u017cnia si\u0119 rozszerzonym zakresem pomiarowym 0\u00b0C do + 125\u00b0C \u00a0i dobr\u0105 dok\u0142adno\u015b\u0107 (do \u00b1 0.5\u00b0C). \u00a0Rejestrator ma niezwykle ma\u0142e rozmiary (podobne do bateryjki do zegarka). Obudowa urz\u0105dzenia jest [&hellip;]<\/p>\n","protected":false},"author":1,"featured_media":0,"parent":0,"menu_order":0,"comment_status":"closed","ping_status":"closed","template":"","meta":{"footnotes":""},"class_list":["post-933","page","type-page","status-publish","hentry"],"aioseo_notices":[],"_links":{"self":[{"href":"https:\/\/rejestratorwilgotnosci.pl\/wp\/wp-json\/wp\/v2\/pages\/933","targetHints":{"allow":["GET"]}}],"collection":[{"href":"https:\/\/rejestratorwilgotnosci.pl\/wp\/wp-json\/wp\/v2\/pages"}],"about":[{"href":"https:\/\/rejestratorwilgotnosci.pl\/wp\/wp-json\/wp\/v2\/types\/page"}],"author":[{"embeddable":true,"href":"https:\/\/rejestratorwilgotnosci.pl\/wp\/wp-json\/wp\/v2\/users\/1"}],"replies":[{"embeddable":true,"href":"https:\/\/rejestratorwilgotnosci.pl\/wp\/wp-json\/wp\/v2\/comments?post=933"}],"version-history":[{"count":4,"href":"https:\/\/rejestratorwilgotnosci.pl\/wp\/wp-json\/wp\/v2\/pages\/933\/revisions"}],"predecessor-version":[{"id":940,"href":"https:\/\/rejestratorwilgotnosci.pl\/wp\/wp-json\/wp\/v2\/pages\/933\/revisions\/940"}],"wp:attachment":[{"href":"https:\/\/rejestratorwilgotnosci.pl\/wp\/wp-json\/wp\/v2\/media?parent=933"}],"curies":[{"name":"wp","href":"https:\/\/api.w.org\/{rel}","templated":true}]}}