{"id":719,"date":"2021-11-17T14:31:11","date_gmt":"2021-11-17T14:31:11","guid":{"rendered":"https:\/\/rejestratorwilgotnosci.pl\/wp\/?page_id=719"},"modified":"2021-11-17T14:46:07","modified_gmt":"2021-11-17T14:46:07","slug":"termograf-kt625","status":"publish","type":"page","link":"https:\/\/rejestratorwilgotnosci.pl\/wp\/termograf-kt625\/","title":{"rendered":"Termograf KT625"},"content":{"rendered":"\t\t<div data-elementor-type=\"wp-page\" data-elementor-id=\"719\" class=\"elementor elementor-719\">\n\t\t\t\t\t\t\t\t\t<section class=\"elementor-section elementor-top-section elementor-element elementor-element-5cbe2f0 elementor-section-boxed elementor-section-height-default elementor-section-height-default\" data-id=\"5cbe2f0\" data-element_type=\"section\">\n\t\t\t\t\t\t<div class=\"elementor-container elementor-column-gap-default\">\n\t\t\t\t\t<div class=\"elementor-column elementor-col-100 elementor-top-column elementor-element elementor-element-5a09f38\" data-id=\"5a09f38\" data-element_type=\"column\">\n\t\t\t<div class=\"elementor-widget-wrap elementor-element-populated\">\n\t\t\t\t\t\t\t\t<div class=\"elementor-element elementor-element-e88e049 elementor-skin-carousel elementor-arrows-yes elementor-pagination-type-bullets elementor-pagination-position-outside elementor-widget elementor-widget-media-carousel\" data-id=\"e88e049\" data-element_type=\"widget\" data-settings=\"{&quot;skin&quot;:&quot;carousel&quot;,&quot;effect&quot;:&quot;slide&quot;,&quot;show_arrows&quot;:&quot;yes&quot;,&quot;pagination&quot;:&quot;bullets&quot;,&quot;speed&quot;:500,&quot;autoplay&quot;:&quot;yes&quot;,&quot;autoplay_speed&quot;:5000,&quot;loop&quot;:&quot;yes&quot;,&quot;pause_on_hover&quot;:&quot;yes&quot;,&quot;pause_on_interaction&quot;:&quot;yes&quot;,&quot;space_between&quot;:{&quot;unit&quot;:&quot;px&quot;,&quot;size&quot;:10,&quot;sizes&quot;:[]},&quot;space_between_tablet&quot;:{&quot;unit&quot;:&quot;px&quot;,&quot;size&quot;:10,&quot;sizes&quot;:[]},&quot;space_between_mobile&quot;:{&quot;unit&quot;:&quot;px&quot;,&quot;size&quot;:10,&quot;sizes&quot;:[]}}\" data-widget_type=\"media-carousel.default\">\n\t\t\t\t<div class=\"elementor-widget-container\">\n\t\t\t<link rel=\"stylesheet\" href=\"https:\/\/rejestratorwilgotnosci.pl\/wp\/wp-content\/plugins\/elementor-pro\/assets\/css\/widget-carousel.min.css\">\t\t<div class=\"elementor-swiper\">\n\t\t\t<div class=\"elementor-main-swiper swiper-container\">\n\t\t\t\t<div class=\"swiper-wrapper\">\n\t\t\t\t\t\t\t\t\t\t\t<div class=\"swiper-slide\">\n\t\t\t\t\t\t\t\t\t<div class=\"elementor-carousel-image\" role=\"img\" aria-label=\"Termograf KT625\" style=\"background-image: url(&#039;https:\/\/rejestratorwilgotnosci.pl\/wp\/wp-content\/uploads\/2021\/11\/Termograf-kt621_72l5am2b-4.jpg&#039;)\">\n\n\t\t\t\n\t\t\t\t\t<\/div>\n\t\t\t\t\t\t\t\t<\/div>\n\t\t\t\t\t\t\t\t\t\t\t<div class=\"swiper-slide\">\n\t\t\t\t\t\t\t\t\t<div class=\"elementor-carousel-image\" role=\"img\" aria-label=\"Termograf KT625\" style=\"background-image: url(&#039;https:\/\/rejestratorwilgotnosci.pl\/wp\/wp-content\/uploads\/2021\/11\/termograf-sl4350-1.jpg&#039;)\">\n\n\t\t\t\n\t\t\t\t\t<\/div>\n\t\t\t\t\t\t\t\t<\/div>\n\t\t\t\t\t\t\t\t\t\t\t<div class=\"swiper-slide\">\n\t\t\t\t\t\t\t\t\t<div class=\"elementor-carousel-image\" role=\"img\" aria-label=\"Termograf KT625\" style=\"background-image: url(&#039;https:\/\/rejestratorwilgotnosci.pl\/wp\/wp-content\/uploads\/2021\/11\/Termograf-kt621-2_zg39r7ts-2.jpg&#039;)\">\n\n\t\t\t\n\t\t\t\t\t<\/div>\n\t\t\t\t\t\t\t\t<\/div>\n\t\t\t\t\t\t\t\t\t\t\t<div class=\"swiper-slide\">\n\t\t\t\t\t\t\t\t\t<div class=\"elementor-carousel-image\" role=\"img\" aria-label=\"Termograf KT625\" style=\"background-image: url(&#039;https:\/\/rejestratorwilgotnosci.pl\/wp\/wp-content\/uploads\/2021\/11\/Termograf-kt621-3_zg39r7ts-2.jpg&#039;)\">\n\n\t\t\t\n\t\t\t\t\t<\/div>\n\t\t\t\t\t\t\t\t<\/div>\n\t\t\t\t\t\t\t\t\t\t\t<div class=\"swiper-slide\">\n\t\t\t\t\t\t\t\t\t<div class=\"elementor-carousel-image\" role=\"img\" aria-label=\"Termograf KT625\" style=\"background-image: url(&#039;https:\/\/rejestratorwilgotnosci.pl\/wp\/wp-content\/uploads\/2021\/11\/Termograf-kt621-4_344mf450-2.jpg&#039;)\">\n\n\t\t\t\n\t\t\t\t\t<\/div>\n\t\t\t\t\t\t\t\t<\/div>\n\t\t\t\t\t\t\t\t\t\t\t<div class=\"swiper-slide\">\n\t\t\t\t\t\t\t\t\t<div class=\"elementor-carousel-image\" role=\"img\" aria-label=\"Termograf KT625\" style=\"background-image: url(&#039;https:\/\/rejestratorwilgotnosci.pl\/wp\/wp-content\/uploads\/2021\/11\/Termograf-kt621-5_344mf450-2.jpg&#039;)\">\n\n\t\t\t\n\t\t\t\t\t<\/div>\n\t\t\t\t\t\t\t\t<\/div>\n\t\t\t\t\t\t\t\t\t<\/div>\n\t\t\t\t\t\t\t\t\t\t\t\t\t\t\t<div class=\"swiper-pagination\"><\/div>\n\t\t\t\t\t\t\t\t\t\t\t\t\t\t\t\t<div class=\"elementor-swiper-button elementor-swiper-button-prev\" role=\"button\" tabindex=\"0\">\n\t\t\t\t\t\t\t<i aria-hidden=\"true\" class=\"eicon-chevron-left\"><\/i>\t\t\t\t\t\t\t<span class=\"elementor-screen-only\">Poprzedni<\/span>\n\t\t\t\t\t\t<\/div>\n\t\t\t\t\t\t<div class=\"elementor-swiper-button elementor-swiper-button-next\" role=\"button\" tabindex=\"0\">\n\t\t\t\t\t\t\t<i aria-hidden=\"true\" class=\"eicon-chevron-right\"><\/i>\t\t\t\t\t\t\t<span class=\"elementor-screen-only\">Nast\u0119pny<\/span>\n\t\t\t\t\t\t<\/div>\n\t\t\t\t\t\t\t\t\t\t\t\t<\/div>\n\t\t<\/div>\n\t\t\t\t<\/div>\n\t\t\t\t<\/div>\n\t\t\t\t\t<\/div>\n\t\t<\/div>\n\t\t\t\t\t\t\t<\/div>\n\t\t<\/section>\n\t\t\t\t<section class=\"elementor-section elementor-top-section elementor-element elementor-element-31994ee elementor-section-boxed elementor-section-height-default elementor-section-height-default\" data-id=\"31994ee\" data-element_type=\"section\">\n\t\t\t\t\t\t<div class=\"elementor-container elementor-column-gap-default\">\n\t\t\t\t\t<div class=\"elementor-column elementor-col-100 elementor-top-column elementor-element elementor-element-194f9bc\" data-id=\"194f9bc\" data-element_type=\"column\">\n\t\t\t<div class=\"elementor-widget-wrap elementor-element-populated\">\n\t\t\t\t\t\t\t\t<div class=\"elementor-element elementor-element-7df5c9c elementor-widget elementor-widget-text-editor\" data-id=\"7df5c9c\" data-element_type=\"widget\" data-widget_type=\"text-editor.default\">\n\t\t\t\t<div class=\"elementor-widget-container\">\n\t\t\t<style>\/*! elementor - v3.18.0 - 20-12-2023 *\/\n.elementor-widget-text-editor.elementor-drop-cap-view-stacked .elementor-drop-cap{background-color:#69727d;color:#fff}.elementor-widget-text-editor.elementor-drop-cap-view-framed .elementor-drop-cap{color:#69727d;border:3px solid;background-color:transparent}.elementor-widget-text-editor:not(.elementor-drop-cap-view-default) .elementor-drop-cap{margin-top:8px}.elementor-widget-text-editor:not(.elementor-drop-cap-view-default) .elementor-drop-cap-letter{width:1em;height:1em}.elementor-widget-text-editor .elementor-drop-cap{float:left;text-align:center;line-height:1;font-size:50px}.elementor-widget-text-editor .elementor-drop-cap-letter{display:inline-block}<\/style>\t\t\t\t<div><div><span class=\"fs16\">KT625 to precyzyjny termograf o \u015brednicy tarczy 152 mm. Charakteryzuje si\u0119 precyzyjn\u0105 prac\u0105 pisaka (elementu rysuj\u0105cego), zewn\u0119trznym czujnikiem termoparowym i wybieranym przez u\u017cytkowni zakresem pomiarowym. Tarcza 152 mm w szczeg\u00f3lno\u015bci nadaje si\u0119 do zapisu pomiar\u00f3w w ch\u0142odniach i zamra\u017carkach.<\/span><\/div><\/div><div>\u00a0<\/div><div><span class=\"fs16\">Dodatkowo urz\u0105dzenie wyposa\u017cono w ekran LCD, kt\u00f3ry pokazuje nie tylko aktualne pomiary, ale r\u00f3wnie\u017c warto\u015bci MIN\/MAX.<\/span><\/div><div>\u00a0<\/div><div><span class=\"fs16\">KT625 posiada nadto przeka\u017aniki i alarmy.<\/span><\/div><div>\u00a0<\/div><div><span class=\"fs16\">Urz\u0105dzenie produkowane jest przez renomowan\u0105 ameryka\u0144sk\u0105 firm\u0119 Dickson, co gwarantuje wysok\u0105 jako\u015b\u0107 produktu. Made in USA!<\/span><\/div>\t\t\t\t\t\t<\/div>\n\t\t\t\t<\/div>\n\t\t\t\t\t<\/div>\n\t\t<\/div>\n\t\t\t\t\t\t\t<\/div>\n\t\t<\/section>\n\t\t\t\t<section class=\"elementor-section elementor-top-section elementor-element elementor-element-1600ee6 elementor-section-boxed elementor-section-height-default elementor-section-height-default\" data-id=\"1600ee6\" data-element_type=\"section\">\n\t\t\t\t\t\t<div class=\"elementor-container elementor-column-gap-default\">\n\t\t\t\t\t<div class=\"elementor-column elementor-col-100 elementor-top-column elementor-element elementor-element-aecfb3b\" data-id=\"aecfb3b\" data-element_type=\"column\">\n\t\t\t<div class=\"elementor-widget-wrap elementor-element-populated\">\n\t\t\t\t\t\t\t\t<div class=\"elementor-element elementor-element-2d59a04 elementor-invisible elementor-widget elementor-widget-button\" data-id=\"2d59a04\" data-element_type=\"widget\" data-settings=\"{&quot;_animation&quot;:&quot;bounceIn&quot;}\" data-widget_type=\"button.default\">\n\t\t\t\t<div class=\"elementor-widget-container\">\n\t\t\t\t\t<div class=\"elementor-button-wrapper\">\n\t\t\t<a class=\"elementor-button elementor-button-link elementor-size-md elementor-animation-pulse\" href=\"#\">\n\t\t\t\t\t\t<span class=\"elementor-button-content-wrapper\">\n\t\t\t\t\t\t<span class=\"elementor-button-text\">NAJWA\u017bNIEJSZE CECHY<\/span>\n\t\t<\/span>\n\t\t\t\t\t<\/a>\n\t\t<\/div>\n\t\t\t\t<\/div>\n\t\t\t\t<\/div>\n\t\t\t\t\t<\/div>\n\t\t<\/div>\n\t\t\t\t\t\t\t<\/div>\n\t\t<\/section>\n\t\t\t\t<section class=\"elementor-section elementor-top-section elementor-element elementor-element-6a536f7 elementor-section-boxed elementor-section-height-default elementor-section-height-default\" data-id=\"6a536f7\" data-element_type=\"section\">\n\t\t\t\t\t\t<div class=\"elementor-container elementor-column-gap-default\">\n\t\t\t\t\t<div class=\"elementor-column elementor-col-100 elementor-top-column elementor-element elementor-element-45e5229\" data-id=\"45e5229\" data-element_type=\"column\">\n\t\t\t<div class=\"elementor-widget-wrap elementor-element-populated\">\n\t\t\t\t\t\t\t\t<div class=\"elementor-element elementor-element-601d010 elementor-widget elementor-widget-text-editor\" data-id=\"601d010\" data-element_type=\"widget\" data-widget_type=\"text-editor.default\">\n\t\t\t\t<div class=\"elementor-widget-container\">\n\t\t\t\t\t\t\t<ul><li><span class=\"fs16\">Zewn\u0119trzny czujnik termoparowy KTC.<\/span><\/li><li><span class=\"fs16\">Dodatkowy wy\u015bwietlacz LCD.<\/span><\/li><li><span class=\"fs16\">Przeka\u017aniki i alarmy.<\/span><\/li><li><span class=\"fs16\">Tarcza 152mm.<\/span><\/li><li><span class=\"fs16\">8 zakres\u00f3w pomiarowych.<\/span><\/li><\/ul><ul><li><span class=\"fs16\">Zasilanie sieciowe z backupem bateryjnym.<\/span><\/li><\/ul>\t\t\t\t\t\t<\/div>\n\t\t\t\t<\/div>\n\t\t\t\t\t<\/div>\n\t\t<\/div>\n\t\t\t\t\t\t\t<\/div>\n\t\t<\/section>\n\t\t\t\t<section class=\"elementor-section elementor-top-section elementor-element elementor-element-19032d7 elementor-section-boxed elementor-section-height-default elementor-section-height-default\" data-id=\"19032d7\" data-element_type=\"section\">\n\t\t\t\t\t\t<div class=\"elementor-container elementor-column-gap-default\">\n\t\t\t\t\t<div class=\"elementor-column elementor-col-100 elementor-top-column elementor-element elementor-element-d099739\" data-id=\"d099739\" data-element_type=\"column\">\n\t\t\t<div class=\"elementor-widget-wrap elementor-element-populated\">\n\t\t\t\t\t\t\t\t<div class=\"elementor-element elementor-element-ff6554f elementor-invisible elementor-widget elementor-widget-button\" data-id=\"ff6554f\" data-element_type=\"widget\" data-settings=\"{&quot;_animation&quot;:&quot;bounceIn&quot;}\" data-widget_type=\"button.default\">\n\t\t\t\t<div class=\"elementor-widget-container\">\n\t\t\t\t\t<div class=\"elementor-button-wrapper\">\n\t\t\t<a class=\"elementor-button elementor-button-link elementor-size-md elementor-animation-pulse\" href=\"#\">\n\t\t\t\t\t\t<span class=\"elementor-button-content-wrapper\">\n\t\t\t\t\t\t<span class=\"elementor-button-text\">CHARAKTERYSTYKA<\/span>\n\t\t<\/span>\n\t\t\t\t\t<\/a>\n\t\t<\/div>\n\t\t\t\t<\/div>\n\t\t\t\t<\/div>\n\t\t\t\t\t<\/div>\n\t\t<\/div>\n\t\t\t\t\t\t\t<\/div>\n\t\t<\/section>\n\t\t\t\t<section class=\"elementor-section elementor-top-section elementor-element elementor-element-de0cb42 elementor-section-boxed elementor-section-height-default elementor-section-height-default\" data-id=\"de0cb42\" data-element_type=\"section\">\n\t\t\t\t\t\t<div class=\"elementor-container elementor-column-gap-default\">\n\t\t\t\t\t<div class=\"elementor-column elementor-col-100 elementor-top-column elementor-element elementor-element-d564b5b\" data-id=\"d564b5b\" data-element_type=\"column\">\n\t\t\t<div class=\"elementor-widget-wrap elementor-element-populated\">\n\t\t\t\t\t\t\t\t<div class=\"elementor-element elementor-element-0ef3329 elementor-widget elementor-widget-text-editor\" data-id=\"0ef3329\" data-element_type=\"widget\" data-widget_type=\"text-editor.default\">\n\t\t\t\t<div class=\"elementor-widget-container\">\n\t\t\t\t\t\t\t<ul><li><strong>Zakres pomiarowy do wyboru spo\u015br\u00f3d:\u00a0<\/strong>-100\u00b0C\u00a0do 0\u00b0C; -50\u00b0C\u00a0do 0\u00b0C; -50\u00b0C\u00a0do 50\u00b0C; 0\u00b0C\u00a0do 50\u00b0C; 0\u00b0C\u00a0do 100\u00b0C; 0\u00b0C\u00a0do 250\u00b0C; 0\u00b0C\u00a0do 500\u00b0C; 50\u00b0C\u00a0do\u00a0100\u00b0C<\/li><li><strong>Rodzaj czujnika:<\/strong>Zewn\u0119trzny czujnik termoparowy<\/li><li><strong>Dok\u0142adno\u015b\u0107 pomiarowa:\u00a0<\/strong>+\/-1\u00b0C dla zakresu -30 to 50\u00b0C; 2.1\u00b0C dla pozosta\u0142ego zakresu<\/li><li><strong>Szybko\u015b\u0107 rotacji tarczy:\u00a0<\/strong>24 godziny lub 7 dni<\/li><li><strong>Przeka\u017aniki i alarmy:\u00a0<\/strong>Tak<\/li><li><strong>Opcje kalibracyjne:\u00a0<\/strong>N100 , N300, N400<\/li><li><strong>Dodatkowy wy\u015bwietlacz LCD:<\/strong>Tak, z wy\u015bwietlaniem warto\u015bci MIN\/MAX<\/li><li><strong>Mo\u017cliwo\u015b\u0107 zawieszenia na \u015bcianie:\u00a0<\/strong>Tak (zaczepy); r\u00f3wnie\u017c wolnostoj\u0105cy<\/li><li><strong>Warunki pracy &#8211; wilgotno\u015b\u0107:\u00a0<\/strong>0 do 95% RH<\/li><li><strong>Warunki pracy &#8211; temperatura:\u00a0<\/strong>-30\u00b0C\u00a0do 50\u00b0C<\/li><li><strong>Klasa IP:\u00a0<\/strong>21<\/li><li><strong>Zasilanie:\u00a0<\/strong>z sieci; bateria 9V jako backup starcza na ok, 48 godzin<\/li><li><strong>Waga:<\/strong>4,5kg<\/li><\/ul>\t\t\t\t\t\t<\/div>\n\t\t\t\t<\/div>\n\t\t\t\t\t<\/div>\n\t\t<\/div>\n\t\t\t\t\t\t\t<\/div>\n\t\t<\/section>\n\t\t\t\t<section class=\"elementor-section elementor-top-section elementor-element elementor-element-b1f402b elementor-section-boxed elementor-section-height-default elementor-section-height-default\" data-id=\"b1f402b\" data-element_type=\"section\">\n\t\t\t\t\t\t<div class=\"elementor-container elementor-column-gap-default\">\n\t\t\t\t\t<div class=\"elementor-column elementor-col-100 elementor-top-column elementor-element elementor-element-ab6b401\" data-id=\"ab6b401\" data-element_type=\"column\">\n\t\t\t<div class=\"elementor-widget-wrap elementor-element-populated\">\n\t\t\t\t\t\t\t\t<div class=\"elementor-element elementor-element-ec48e17 elementor-invisible elementor-widget elementor-widget-button\" data-id=\"ec48e17\" data-element_type=\"widget\" data-settings=\"{&quot;_animation&quot;:&quot;bounceIn&quot;}\" data-widget_type=\"button.default\">\n\t\t\t\t<div class=\"elementor-widget-container\">\n\t\t\t\t\t<div class=\"elementor-button-wrapper\">\n\t\t\t<a class=\"elementor-button elementor-button-link elementor-size-md elementor-animation-pulse\" href=\"#\">\n\t\t\t\t\t\t<span class=\"elementor-button-content-wrapper\">\n\t\t\t\t\t\t<span class=\"elementor-button-text\">KALIBRACJE<\/span>\n\t\t<\/span>\n\t\t\t\t\t<\/a>\n\t\t<\/div>\n\t\t\t\t<\/div>\n\t\t\t\t<\/div>\n\t\t\t\t\t<\/div>\n\t\t<\/div>\n\t\t\t\t\t\t\t<\/div>\n\t\t<\/section>\n\t\t\t\t<section class=\"elementor-section elementor-top-section elementor-element elementor-element-d2412c3 elementor-section-boxed elementor-section-height-default elementor-section-height-default\" data-id=\"d2412c3\" data-element_type=\"section\">\n\t\t\t\t\t\t<div class=\"elementor-container elementor-column-gap-default\">\n\t\t\t\t\t<div class=\"elementor-column elementor-col-100 elementor-top-column elementor-element elementor-element-fc5cbc9\" data-id=\"fc5cbc9\" data-element_type=\"column\">\n\t\t\t<div class=\"elementor-widget-wrap elementor-element-populated\">\n\t\t\t\t\t\t\t\t<div class=\"elementor-element elementor-element-ce17280 elementor-widget elementor-widget-text-editor\" data-id=\"ce17280\" data-element_type=\"widget\" data-widget_type=\"text-editor.default\">\n\t\t\t\t<div class=\"elementor-widget-container\">\n\t\t\t\t\t\t\t<div><span class=\"fs16\"><b>+ N100\u00a0<\/b>1-Punktowa Kalibracja Identyfikowana NIST<\/span><\/div><div><span class=\"fs16\"><b>+ N300\u00a0<\/b>3-Punktowa Kalibracja Identyfikowana NIST<\/span><\/div><div><div><span class=\"fs16\"><b>+ N400<\/b>\u00a03-Punktowa Kalibracja Identyfikowana NIST &#8211; Akredytacja A2LA<\/span><\/div><\/div>\t\t\t\t\t\t<\/div>\n\t\t\t\t<\/div>\n\t\t\t\t\t<\/div>\n\t\t<\/div>\n\t\t\t\t\t\t\t<\/div>\n\t\t<\/section>\n\t\t\t\t<section class=\"elementor-section elementor-top-section elementor-element elementor-element-74c9237 elementor-section-boxed elementor-section-height-default elementor-section-height-default\" data-id=\"74c9237\" data-element_type=\"section\">\n\t\t\t\t\t\t<div class=\"elementor-container elementor-column-gap-default\">\n\t\t\t\t\t<div class=\"elementor-column elementor-col-100 elementor-top-column elementor-element elementor-element-90dc2a9\" data-id=\"90dc2a9\" data-element_type=\"column\">\n\t\t\t<div class=\"elementor-widget-wrap elementor-element-populated\">\n\t\t\t\t\t\t\t\t<div class=\"elementor-element elementor-element-40ee814 elementor-invisible elementor-widget elementor-widget-heading\" data-id=\"40ee814\" data-element_type=\"widget\" data-settings=\"{&quot;motion_fx_motion_fx_mouse&quot;:&quot;yes&quot;,&quot;_animation&quot;:&quot;bounceIn&quot;}\" data-widget_type=\"heading.default\">\n\t\t\t\t<div class=\"elementor-widget-container\">\n\t\t\t<style>\/*! elementor - v3.18.0 - 20-12-2023 *\/\n.elementor-heading-title{padding:0;margin:0;line-height:1}.elementor-widget-heading .elementor-heading-title[class*=elementor-size-]>a{color:inherit;font-size:inherit;line-height:inherit}.elementor-widget-heading .elementor-heading-title.elementor-size-small{font-size:15px}.elementor-widget-heading .elementor-heading-title.elementor-size-medium{font-size:19px}.elementor-widget-heading .elementor-heading-title.elementor-size-large{font-size:29px}.elementor-widget-heading .elementor-heading-title.elementor-size-xl{font-size:39px}.elementor-widget-heading .elementor-heading-title.elementor-size-xxl{font-size:59px}<\/style><h2 class=\"elementor-heading-title elementor-size-default\">W naszej ofercie posiadamy ponad 200 rejestrator\u00f3w i miernik\u00f3w wielko\u015bci fizycznych. Zadzwo\u0144 516 522 721 lub napisz do nas info@pro-elektra.pl<\/h2>\t\t<\/div>\n\t\t\t\t<\/div>\n\t\t\t\t\t<\/div>\n\t\t<\/div>\n\t\t\t\t\t\t\t<\/div>\n\t\t<\/section>\n\t\t\t\t\t\t\t<\/div>\n\t\t","protected":false},"excerpt":{"rendered":"<p>Previous Next KT625 to precyzyjny termograf o \u015brednicy tarczy 152 mm. Charakteryzuje si\u0119 precyzyjn\u0105 prac\u0105 pisaka (elementu rysuj\u0105cego), zewn\u0119trznym czujnikiem termoparowym i wybieranym przez u\u017cytkowni zakresem pomiarowym. Tarcza 152 mm w szczeg\u00f3lno\u015bci nadaje si\u0119 do zapisu pomiar\u00f3w w ch\u0142odniach i zamra\u017carkach.\u00a0Dodatkowo urz\u0105dzenie wyposa\u017cono w ekran LCD, kt\u00f3ry pokazuje nie tylko aktualne pomiary, ale r\u00f3wnie\u017c warto\u015bci [&hellip;]<\/p>\n","protected":false},"author":1,"featured_media":0,"parent":0,"menu_order":0,"comment_status":"closed","ping_status":"closed","template":"","meta":{"footnotes":""},"class_list":["post-719","page","type-page","status-publish","hentry"],"aioseo_notices":[],"_links":{"self":[{"href":"https:\/\/rejestratorwilgotnosci.pl\/wp\/wp-json\/wp\/v2\/pages\/719","targetHints":{"allow":["GET"]}}],"collection":[{"href":"https:\/\/rejestratorwilgotnosci.pl\/wp\/wp-json\/wp\/v2\/pages"}],"about":[{"href":"https:\/\/rejestratorwilgotnosci.pl\/wp\/wp-json\/wp\/v2\/types\/page"}],"author":[{"embeddable":true,"href":"https:\/\/rejestratorwilgotnosci.pl\/wp\/wp-json\/wp\/v2\/users\/1"}],"replies":[{"embeddable":true,"href":"https:\/\/rejestratorwilgotnosci.pl\/wp\/wp-json\/wp\/v2\/comments?post=719"}],"version-history":[{"count":4,"href":"https:\/\/rejestratorwilgotnosci.pl\/wp\/wp-json\/wp\/v2\/pages\/719\/revisions"}],"predecessor-version":[{"id":733,"href":"https:\/\/rejestratorwilgotnosci.pl\/wp\/wp-json\/wp\/v2\/pages\/719\/revisions\/733"}],"wp:attachment":[{"href":"https:\/\/rejestratorwilgotnosci.pl\/wp\/wp-json\/wp\/v2\/media?parent=719"}],"curies":[{"name":"wp","href":"https:\/\/api.w.org\/{rel}","templated":true}]}}