{"id":2260,"date":"2021-12-04T22:23:27","date_gmt":"2021-12-04T22:23:27","guid":{"rendered":"https:\/\/rejestratorwilgotnosci.pl\/wp\/?page_id=2260"},"modified":"2022-09-26T23:45:36","modified_gmt":"2022-09-26T23:45:36","slug":"analizatory-jakosci-energii-2","status":"publish","type":"page","link":"https:\/\/rejestratorwilgotnosci.pl\/wp\/analizatory-jakosci-energii-2\/","title":{"rendered":"ANALIZATORY JAKO\u015aCI ENERGII"},"content":{"rendered":"\t\t<div data-elementor-type=\"wp-page\" data-elementor-id=\"2260\" class=\"elementor elementor-2260\">\n\t\t\t\t\t\t\t\t\t<section class=\"elementor-section elementor-top-section elementor-element elementor-element-b92f527 elementor-section-boxed elementor-section-height-default elementor-section-height-default\" data-id=\"b92f527\" data-element_type=\"section\">\n\t\t\t\t\t\t<div class=\"elementor-container elementor-column-gap-default\">\n\t\t\t\t\t<div class=\"elementor-column elementor-col-100 elementor-top-column elementor-element elementor-element-2334c27\" data-id=\"2334c27\" data-element_type=\"column\">\n\t\t\t<div class=\"elementor-widget-wrap elementor-element-populated\">\n\t\t\t\t\t\t\t\t<div class=\"elementor-element elementor-element-c47c3c8 elementor-widget elementor-widget-text-editor\" data-id=\"c47c3c8\" data-element_type=\"widget\" data-widget_type=\"text-editor.default\">\n\t\t\t\t<div class=\"elementor-widget-container\">\n\t\t\t<style>\/*! elementor - v3.18.0 - 20-12-2023 *\/\n.elementor-widget-text-editor.elementor-drop-cap-view-stacked .elementor-drop-cap{background-color:#69727d;color:#fff}.elementor-widget-text-editor.elementor-drop-cap-view-framed .elementor-drop-cap{color:#69727d;border:3px solid;background-color:transparent}.elementor-widget-text-editor:not(.elementor-drop-cap-view-default) .elementor-drop-cap{margin-top:8px}.elementor-widget-text-editor:not(.elementor-drop-cap-view-default) .elementor-drop-cap-letter{width:1em;height:1em}.elementor-widget-text-editor .elementor-drop-cap{float:left;text-align:center;line-height:1;font-size:50px}.elementor-widget-text-editor .elementor-drop-cap-letter{display:inline-block}<\/style>\t\t\t\t<p><b>Analizator jako\u015bci energii elektrycznej<\/b> to urz\u0105dzenie szeroko stosowane w sieciach elektroenergetycznych wszystkich napi\u0119\u0107 oraz w uk\u0142adach zasilaj\u0105cych zak\u0142ady przemys\u0142owe do pomiaru mocy oraz zak\u0142\u00f3ce\u0144. Rej<\/p>\n<p><b>Analizator jako\u015bci energii najcz\u0119\u015bciej&nbsp; wykorzystywany jest do diagnostyki problem\u00f3w w sieciach.<\/b> Dzi\u0119ki u\u017cyciu analizator\u00f3w mo\u017cna bardzo precyzyjnie okre\u015bli\u0107 miejsce i rodzaj wyst\u0119puj\u0105cych zak\u0142\u00f3ce\u0144. Proces pomiarowy jest zapisywany do pami\u0119ci. Rejestrator jako\u015bci energii jest doskona\u0142ym rozwi\u0105zaniem, zw\u0142aszcza gdy wybierzemy produkt powa\u017canej firmy.<br><\/p>\n<div>W naszej ofercie znajdziecie Pa\u0144stwo najszerszy wyb\u00f3r urz\u0105dze\u0144 typ analizator jako\u015bci energii renomowanych firm POWERSIDE&nbsp; i ELCONTROL&nbsp; zar\u00f3wno w wersjach przeno\u015bnych, jak i stacjonarnych.Rejestrator <\/div>\t\t\t\t\t\t<\/div>\n\t\t\t\t<\/div>\n\t\t\t\t\t<\/div>\n\t\t<\/div>\n\t\t\t\t\t\t\t<\/div>\n\t\t<\/section>\n\t\t\t\t<section class=\"elementor-section elementor-top-section elementor-element elementor-element-a95ac6d elementor-section-boxed elementor-section-height-default elementor-section-height-default\" data-id=\"a95ac6d\" data-element_type=\"section\">\n\t\t\t\t\t\t<div class=\"elementor-container elementor-column-gap-default\">\n\t\t\t\t\t<div class=\"elementor-column elementor-col-100 elementor-top-column elementor-element elementor-element-df82e5d\" data-id=\"df82e5d\" data-element_type=\"column\">\n\t\t\t<div class=\"elementor-widget-wrap elementor-element-populated\">\n\t\t\t\t\t\t\t\t<div class=\"elementor-element elementor-element-e881332 elementor-position-top elementor-widget elementor-widget-image-box\" data-id=\"e881332\" data-element_type=\"widget\" data-widget_type=\"image-box.default\">\n\t\t\t\t<div class=\"elementor-widget-container\">\n\t\t\t<style>\/*! elementor - v3.18.0 - 20-12-2023 *\/\n.elementor-widget-image-box .elementor-image-box-content{width:100%}@media (min-width:768px){.elementor-widget-image-box.elementor-position-left .elementor-image-box-wrapper,.elementor-widget-image-box.elementor-position-right .elementor-image-box-wrapper{display:flex}.elementor-widget-image-box.elementor-position-right .elementor-image-box-wrapper{text-align:right;flex-direction:row-reverse}.elementor-widget-image-box.elementor-position-left .elementor-image-box-wrapper{text-align:left;flex-direction:row}.elementor-widget-image-box.elementor-position-top .elementor-image-box-img{margin:auto}.elementor-widget-image-box.elementor-vertical-align-top .elementor-image-box-wrapper{align-items:flex-start}.elementor-widget-image-box.elementor-vertical-align-middle .elementor-image-box-wrapper{align-items:center}.elementor-widget-image-box.elementor-vertical-align-bottom .elementor-image-box-wrapper{align-items:flex-end}}@media (max-width:767px){.elementor-widget-image-box .elementor-image-box-img{margin-left:auto!important;margin-right:auto!important;margin-bottom:15px}}.elementor-widget-image-box .elementor-image-box-img{display:inline-block}.elementor-widget-image-box .elementor-image-box-title a{color:inherit}.elementor-widget-image-box .elementor-image-box-wrapper{text-align:center}.elementor-widget-image-box .elementor-image-box-description{margin:0}<\/style><div class=\"elementor-image-box-wrapper\"><figure class=\"elementor-image-box-img\"><a href=\"https:\/\/rejestratorwilgotnosci.pl\/wp\/przenosny-analizator-jakosci-energii-nanovip-cube\/\" tabindex=\"-1\"><img fetchpriority=\"high\" decoding=\"async\" width=\"300\" height=\"284\" src=\"https:\/\/rejestratorwilgotnosci.pl\/wp\/wp-content\/uploads\/2022\/09\/analizator-jakosci-energii-NanoVip-Cube-300x284-1.webp\" class=\"elementor-animation-grow attachment-medium size-medium wp-image-2462\" alt=\"Analizator jako\u015bci energii NanoVip Cube\" \/><\/a><\/figure><div class=\"elementor-image-box-content\"><h3 class=\"elementor-image-box-title\"><a href=\"https:\/\/rejestratorwilgotnosci.pl\/wp\/przenosny-analizator-jakosci-energii-nanovip-cube\/\">Przeno\u015bny analizator jako\u015bci energii NANOVIP CUBE<\/a><\/h3><p class=\"elementor-image-box-description\"># Napi\u0119cie (TRMS): 4 kana\u0142y wej\u015bciowe (3 + wsp\u00f3lny neutralny + 1 pomocniczy)\n# Pr\u0105d (TRMS) 5 kana\u0142\u00f3w wej\u015bciowych # Moc: Aktywna, reaktywna i pozorna. #\nLiczniki energii: kWh, kvarh, kVAh # Analiza harmonicznych do o 50\u00b0 #Analiza EN50160\tod 500mS w g\u00f3r\u0119 # Wy\u015bwietlacz\n<\/p><\/div><\/div>\t\t<\/div>\n\t\t\t\t<\/div>\n\t\t\t\t\t<\/div>\n\t\t<\/div>\n\t\t\t\t\t\t\t<\/div>\n\t\t<\/section>\n\t\t\t\t<section class=\"elementor-section elementor-top-section elementor-element elementor-element-0f22da8 elementor-section-boxed elementor-section-height-default elementor-section-height-default\" data-id=\"0f22da8\" data-element_type=\"section\">\n\t\t\t\t\t\t<div class=\"elementor-container elementor-column-gap-default\">\n\t\t\t\t\t<div class=\"elementor-column elementor-col-100 elementor-top-column elementor-element elementor-element-551b96e\" data-id=\"551b96e\" data-element_type=\"column\">\n\t\t\t<div class=\"elementor-widget-wrap elementor-element-populated\">\n\t\t\t\t\t\t\t\t<div class=\"elementor-element elementor-element-2db784e elementor-position-top elementor-widget elementor-widget-image-box\" data-id=\"2db784e\" data-element_type=\"widget\" data-widget_type=\"image-box.default\">\n\t\t\t\t<div class=\"elementor-widget-container\">\n\t\t\t<div class=\"elementor-image-box-wrapper\"><figure class=\"elementor-image-box-img\"><a href=\"https:\/\/rejestratorwilgotnosci.pl\/wp\/analizator-2\/\" tabindex=\"-1\"><img decoding=\"async\" width=\"300\" height=\"284\" src=\"https:\/\/rejestratorwilgotnosci.pl\/wp\/wp-content\/uploads\/2022\/09\/Analizator-jakosci-energii-z-lacznoscia-WiFi-NanoVip-Cube-WF.webp\" class=\"elementor-animation-grow attachment-medium size-medium wp-image-2440\" alt=\"Analizator jako\u015bci energii z \u0142\u0105czno\u015bci\u0105 WiFi NanoVip Cube WF\" \/><\/a><\/figure><div class=\"elementor-image-box-content\"><h3 class=\"elementor-image-box-title\"><a href=\"https:\/\/rejestratorwilgotnosci.pl\/wp\/analizator-2\/\">Przeno\u015bny analizator jako\u015bci zasilania z \u0142\u0105czno\u015bci\u0105 WiFi NANOVIP WF<\/a><\/h3><p class=\"elementor-image-box-description\"># Napi\u0119cie (TRMS): 4 kana\u0142y wej\u015bciowe (3 + wsp\u00f3lny neutralny + 1 pomocniczy)\n# Pr\u0105d (TRMS) 5 kana\u0142\u00f3w wej\u015bciowych # Moc: Aktywna, reaktywna i pozorna. #\nLiczniki energii: kWh, kvarh, kVAh # Analiza harmonicznych do o 50\u00b0 #Analiza EN50160\tod 500mS w g\u00f3r\u0119 # Wy\u015bwietlacz # <b>Komunikacja WiFi<\/b>\n<\/p><\/div><\/div>\t\t<\/div>\n\t\t\t\t<\/div>\n\t\t\t\t\t<\/div>\n\t\t<\/div>\n\t\t\t\t\t\t\t<\/div>\n\t\t<\/section>\n\t\t\t\t<section class=\"elementor-section elementor-top-section elementor-element elementor-element-5c7ec06 elementor-section-boxed elementor-section-height-default elementor-section-height-default\" data-id=\"5c7ec06\" data-element_type=\"section\">\n\t\t\t\t\t\t<div class=\"elementor-container elementor-column-gap-default\">\n\t\t\t\t\t<div class=\"elementor-column elementor-col-100 elementor-top-column elementor-element elementor-element-6a78124\" data-id=\"6a78124\" data-element_type=\"column\">\n\t\t\t<div class=\"elementor-widget-wrap elementor-element-populated\">\n\t\t\t\t\t\t\t\t<div class=\"elementor-element elementor-element-4eaa46f elementor-position-top elementor-widget elementor-widget-image-box\" data-id=\"4eaa46f\" data-element_type=\"widget\" data-widget_type=\"image-box.default\">\n\t\t\t\t<div class=\"elementor-widget-container\">\n\t\t\t<div class=\"elementor-image-box-wrapper\"><figure class=\"elementor-image-box-img\"><a href=\"https:\/\/rejestratorwilgotnosci.pl\/wp\/analizator-jakosci-energii-elektrycznej-z-lacznoscia-3g-4g\/\" tabindex=\"-1\"><img decoding=\"async\" width=\"300\" height=\"284\" src=\"https:\/\/rejestratorwilgotnosci.pl\/wp\/wp-content\/uploads\/2022\/09\/analizator-jakosci-energii-NanoVip-Cube.webp\" class=\"elementor-animation-grow attachment-medium size-medium wp-image-2467\" alt=\"\" \/><\/a><\/figure><div class=\"elementor-image-box-content\"><h3 class=\"elementor-image-box-title\"><a href=\"https:\/\/rejestratorwilgotnosci.pl\/wp\/analizator-jakosci-energii-elektrycznej-z-lacznoscia-3g-4g\/\">Analizator jako\u015bci energii elektrycznej z \u0142\u0105czno\u015bci\u0105 3G NANOVIP CUBE 247<\/a><\/h3><p class=\"elementor-image-box-description\"># Napi\u0119cie (TRMS): 4 kana\u0142y wej\u015bciowe (3 + wsp\u00f3lny neutralny + 1 pomocniczy)\n# Pr\u0105d (TRMS) 5 kana\u0142\u00f3w wej\u015bciowych # Moc: Aktywna, reaktywna i pozorna. #\nLiczniki energii: kWh, kvarh, kVAh # Analiza harmonicznych do o 50\u00b0 #Analiza EN50160\tod 500mS w g\u00f3r\u0119 # Wy\u015bwietlacz # <span style=\"font-weight: 700;\">Komunikacja 3G<\/span>\n<\/p><\/div><\/div>\t\t<\/div>\n\t\t\t\t<\/div>\n\t\t\t\t\t<\/div>\n\t\t<\/div>\n\t\t\t\t\t\t\t<\/div>\n\t\t<\/section>\n\t\t\t\t<section class=\"elementor-section elementor-top-section elementor-element elementor-element-a83af95 elementor-section-boxed elementor-section-height-default elementor-section-height-default\" data-id=\"a83af95\" data-element_type=\"section\">\n\t\t\t\t\t\t<div class=\"elementor-container elementor-column-gap-default\">\n\t\t\t\t\t<div class=\"elementor-column elementor-col-100 elementor-top-column elementor-element elementor-element-6f17271\" data-id=\"6f17271\" data-element_type=\"column\">\n\t\t\t<div class=\"elementor-widget-wrap elementor-element-populated\">\n\t\t\t\t\t\t\t\t<div class=\"elementor-element elementor-element-d386382 elementor-position-top elementor-widget elementor-widget-image-box\" data-id=\"d386382\" data-element_type=\"widget\" data-widget_type=\"image-box.default\">\n\t\t\t\t<div class=\"elementor-widget-container\">\n\t\t\t<div class=\"elementor-image-box-wrapper\"><figure class=\"elementor-image-box-img\"><a href=\"http:\/\/Przeno\u015bny%20analizator%20jako\u015bci%20zasilania%20NANOVIP%20CUBE%20PLUS\" tabindex=\"-1\"><img loading=\"lazy\" decoding=\"async\" width=\"300\" height=\"284\" src=\"https:\/\/rejestratorwilgotnosci.pl\/wp\/wp-content\/uploads\/2022\/09\/analizator-jakosci-energii-NanoVip-Cube-PLUS.webp\" class=\"elementor-animation-grow attachment-medium size-medium wp-image-2441\" alt=\"Analizator jako\u015bci energii NanoVip Cube PLUSAnalizator jako\u015bci energii NanoVip Cube PLUS\" \/><\/a><\/figure><div class=\"elementor-image-box-content\"><h3 class=\"elementor-image-box-title\"><a href=\"http:\/\/Przeno\u015bny%20analizator%20jako\u015bci%20zasilania%20NANOVIP%20CUBE%20PLUS\">Przeno\u015bny analizator jako\u015bci zasilania  NANOVIP CUBE PLUS<\/a><\/h3><p class=\"elementor-image-box-description\"><b>NOWO\u015a\u0106<\/b> # <b>MRH<\/b> # Napi\u0119cie (TRMS): 4 kana\u0142y wej\u015bciowe (3 + wsp\u00f3lny neutralny + 1 pomocniczy)\n# Pr\u0105d (TRMS) 5 kana\u0142\u00f3w wej\u015bciowych # Moc: Aktywna, reaktywna i pozorna. #\nLiczniki energii: kWh, kvarh, kVAh # Analiza harmonicznych do o 50\u00b0 #Analiza EN50160\tod 500mS w g\u00f3r\u0119 # Wy\u015bwietlacz\n<\/p><\/div><\/div>\t\t<\/div>\n\t\t\t\t<\/div>\n\t\t\t\t\t<\/div>\n\t\t<\/div>\n\t\t\t\t\t\t\t<\/div>\n\t\t<\/section>\n\t\t\t\t<section class=\"elementor-section elementor-top-section elementor-element elementor-element-7baa9c0 elementor-section-boxed elementor-section-height-default elementor-section-height-default\" data-id=\"7baa9c0\" data-element_type=\"section\">\n\t\t\t\t\t\t<div class=\"elementor-container elementor-column-gap-default\">\n\t\t\t\t\t<div class=\"elementor-column elementor-col-100 elementor-top-column elementor-element elementor-element-9bf364d\" data-id=\"9bf364d\" data-element_type=\"column\">\n\t\t\t<div class=\"elementor-widget-wrap elementor-element-populated\">\n\t\t\t\t\t\t\t\t<div class=\"elementor-element elementor-element-33e43da elementor-position-top elementor-widget elementor-widget-image-box\" data-id=\"33e43da\" data-element_type=\"widget\" data-widget_type=\"image-box.default\">\n\t\t\t\t<div class=\"elementor-widget-container\">\n\t\t\t<div class=\"elementor-image-box-wrapper\"><figure class=\"elementor-image-box-img\"><a href=\"https:\/\/rejestratorwilgotnosci.pl\/wp\/analizator-3\/\" tabindex=\"-1\"><img loading=\"lazy\" decoding=\"async\" width=\"300\" height=\"225\" src=\"https:\/\/rejestratorwilgotnosci.pl\/wp\/wp-content\/uploads\/2022\/09\/Analizator-jakosci-PQube3-300x225-1.webp\" class=\"elementor-animation-grow attachment-medium size-medium wp-image-2463\" alt=\"Analizator jako\u015bci energii PQube3\" \/><\/a><\/figure><div class=\"elementor-image-box-content\"><h3 class=\"elementor-image-box-title\"><a href=\"https:\/\/rejestratorwilgotnosci.pl\/wp\/analizator-3\/\">Miniaturowy analizator sieci klasy A PQube 3<\/a><\/h3><p class=\"elementor-image-box-description\"># Analizator mocy, # Certyfikat klasy A IEC 61000-4-30 Ed3 # Czujnik czasu rzeczywistego i miernik przychod\u00f3w. # <b>Monitoruje do 2 obci\u0105\u017ce\u0144 tr\u00f3jfazowych<\/b> oraz parametry \u015brodowiskowe i procesowe.\n<\/p><\/div><\/div>\t\t<\/div>\n\t\t\t\t<\/div>\n\t\t\t\t\t<\/div>\n\t\t<\/div>\n\t\t\t\t\t\t\t<\/div>\n\t\t<\/section>\n\t\t\t\t<section class=\"elementor-section elementor-top-section elementor-element elementor-element-7945780 elementor-section-boxed elementor-section-height-default elementor-section-height-default\" data-id=\"7945780\" data-element_type=\"section\">\n\t\t\t\t\t\t<div class=\"elementor-container elementor-column-gap-default\">\n\t\t\t\t\t<div class=\"elementor-column elementor-col-100 elementor-top-column elementor-element elementor-element-8ceaf63\" data-id=\"8ceaf63\" data-element_type=\"column\">\n\t\t\t<div class=\"elementor-widget-wrap\">\n\t\t\t\t\t\t\t\t\t<\/div>\n\t\t<\/div>\n\t\t\t\t\t\t\t<\/div>\n\t\t<\/section>\n\t\t\t\t<section class=\"elementor-section elementor-top-section elementor-element elementor-element-f7d82e5 elementor-section-boxed elementor-section-height-default elementor-section-height-default\" data-id=\"f7d82e5\" data-element_type=\"section\">\n\t\t\t\t\t\t<div class=\"elementor-container elementor-column-gap-default\">\n\t\t\t\t\t<div class=\"elementor-column elementor-col-100 elementor-top-column elementor-element elementor-element-8ff8efa\" data-id=\"8ff8efa\" data-element_type=\"column\">\n\t\t\t<div class=\"elementor-widget-wrap elementor-element-populated\">\n\t\t\t\t\t\t\t\t<div class=\"elementor-element elementor-element-79c2360 elementor-position-top elementor-widget elementor-widget-image-box\" data-id=\"79c2360\" data-element_type=\"widget\" data-widget_type=\"image-box.default\">\n\t\t\t\t<div class=\"elementor-widget-container\">\n\t\t\t<div class=\"elementor-image-box-wrapper\"><figure class=\"elementor-image-box-img\"><a href=\"https:\/\/rejestratorwilgotnosci.pl\/wp\/analizator-jakosci-energii-pqcube-3r\/\" tabindex=\"-1\"><img loading=\"lazy\" decoding=\"async\" width=\"300\" height=\"300\" src=\"https:\/\/rejestratorwilgotnosci.pl\/wp\/wp-content\/uploads\/2022\/09\/Analizator-jakosci-energii-PQube3-8-300x300-1.webp\" class=\"elementor-animation-grow attachment-medium size-medium wp-image-2464\" alt=\"Analizator jako\u015bci energii PQube3r\" srcset=\"https:\/\/rejestratorwilgotnosci.pl\/wp\/wp-content\/uploads\/2022\/09\/Analizator-jakosci-energii-PQube3-8-300x300-1.webp 300w, https:\/\/rejestratorwilgotnosci.pl\/wp\/wp-content\/uploads\/2022\/09\/Analizator-jakosci-energii-PQube3-8-300x300-1-150x150.webp 150w\" sizes=\"(max-width: 300px) 100vw, 300px\" \/><\/a><\/figure><div class=\"elementor-image-box-content\"><h3 class=\"elementor-image-box-title\"><a href=\"https:\/\/rejestratorwilgotnosci.pl\/wp\/analizator-jakosci-energii-pqcube-3r\/\">Miniaturowy analizator sieci klasy A PQube 3r<\/a><\/h3><p class=\"elementor-image-box-description\"># Analizator mocy # Kontroler czasu rzeczywistego i miernik przychod\u00f3w. # Posiada 4 wbudowane programowalne wyj\u015bcia przeka\u017anikowe, kt\u00f3re mo\u017cna indywidualnie przypisa\u0107 do konkretnego zak\u0142\u00f3cenia.<\/p><\/div><\/div>\t\t<\/div>\n\t\t\t\t<\/div>\n\t\t\t\t<div class=\"elementor-element elementor-element-92e15ac elementor-position-top elementor-widget elementor-widget-image-box\" data-id=\"92e15ac\" data-element_type=\"widget\" data-widget_type=\"image-box.default\">\n\t\t\t\t<div class=\"elementor-widget-container\">\n\t\t\t<div class=\"elementor-image-box-wrapper\"><figure class=\"elementor-image-box-img\"><a href=\"https:\/\/rejestratorwilgotnosci.pl\/wp\/analizator-jakosci-energii-pqcube-3e\/\" tabindex=\"-1\"><img loading=\"lazy\" decoding=\"async\" width=\"300\" height=\"300\" src=\"https:\/\/rejestratorwilgotnosci.pl\/wp\/wp-content\/uploads\/2022\/09\/Analizator-jakosci-PQube3e-2-768x768-1-300x300.webp\" class=\"elementor-animation-grow attachment-medium size-medium wp-image-2471\" alt=\"Analizator jako\u015bci energii PQube3e - 2\" srcset=\"https:\/\/rejestratorwilgotnosci.pl\/wp\/wp-content\/uploads\/2022\/09\/Analizator-jakosci-PQube3e-2-768x768-1-300x300.webp 300w, https:\/\/rejestratorwilgotnosci.pl\/wp\/wp-content\/uploads\/2022\/09\/Analizator-jakosci-PQube3e-2-768x768-1-150x150.webp 150w, https:\/\/rejestratorwilgotnosci.pl\/wp\/wp-content\/uploads\/2022\/09\/Analizator-jakosci-PQube3e-2-768x768-1.webp 768w\" sizes=\"(max-width: 300px) 100vw, 300px\" \/><\/a><\/figure><div class=\"elementor-image-box-content\"><h3 class=\"elementor-image-box-title\"><a href=\"https:\/\/rejestratorwilgotnosci.pl\/wp\/analizator-jakosci-energii-pqcube-3e\/\">Miniaturowy analizator sieci klasy A PQube 3e<\/a><\/h3><p class=\"elementor-image-box-description\"># Analizator mocy, # Certyfikat klasy A IEC 61000-4-30 Ed3 # Czujnik czasu rzeczywistego i miernik przychod\u00f3w. # <b>WERSJA ROZSZERZONA: monitoruje do 4 obci\u0105\u017ce\u0144 tr\u00f3jfazowych<\/b> oraz parametry \u015brodowiskowe i procesowe.4<\/p><\/div><\/div>\t\t<\/div>\n\t\t\t\t<\/div>\n\t\t\t\t\t<\/div>\n\t\t<\/div>\n\t\t\t\t\t\t\t<\/div>\n\t\t<\/section>\n\t\t\t\t<section class=\"elementor-section elementor-top-section elementor-element elementor-element-2a36502 elementor-section-boxed elementor-section-height-default elementor-section-height-default\" data-id=\"2a36502\" data-element_type=\"section\">\n\t\t\t\t\t\t<div class=\"elementor-container elementor-column-gap-default\">\n\t\t\t\t\t<div class=\"elementor-column elementor-col-100 elementor-top-column elementor-element elementor-element-122f410\" data-id=\"122f410\" data-element_type=\"column\">\n\t\t\t<div class=\"elementor-widget-wrap elementor-element-populated\">\n\t\t\t\t\t\t\t\t<div class=\"elementor-element elementor-element-fad7c98 elementor-position-top elementor-widget elementor-widget-image-box\" data-id=\"fad7c98\" data-element_type=\"widget\" data-widget_type=\"image-box.default\">\n\t\t\t\t<div class=\"elementor-widget-container\">\n\t\t\t<div class=\"elementor-image-box-wrapper\"><figure class=\"elementor-image-box-img\"><a href=\"https:\/\/rejestratorwilgotnosci.pl\/wp\/analizator-jakosci-energii-pqcube-3v-2\/\" tabindex=\"-1\"><img loading=\"lazy\" decoding=\"async\" width=\"300\" height=\"300\" src=\"https:\/\/rejestratorwilgotnosci.pl\/wp\/wp-content\/uploads\/2021\/12\/anliazator-jakosci-energii-pqube3v-300x300.webp\" class=\"elementor-animation-grow attachment-medium size-medium wp-image-2337\" alt=\"Analizator jako\u015bci energii pqube3v\" srcset=\"https:\/\/rejestratorwilgotnosci.pl\/wp\/wp-content\/uploads\/2021\/12\/anliazator-jakosci-energii-pqube3v-300x300.webp 300w, https:\/\/rejestratorwilgotnosci.pl\/wp\/wp-content\/uploads\/2021\/12\/anliazator-jakosci-energii-pqube3v-150x150.webp 150w, https:\/\/rejestratorwilgotnosci.pl\/wp\/wp-content\/uploads\/2021\/12\/anliazator-jakosci-energii-pqube3v.webp 400w\" sizes=\"(max-width: 300px) 100vw, 300px\" \/><\/a><\/figure><div class=\"elementor-image-box-content\"><h3 class=\"elementor-image-box-title\"><a href=\"https:\/\/rejestratorwilgotnosci.pl\/wp\/analizator-jakosci-energii-pqcube-3v-2\/\">Miniaturowy analizator sieci klasy A PQube 3v<\/a><\/h3><p class=\"elementor-image-box-description\"># Analizator zgodno\u015bci napi\u0119cia i czujnik czasu rzeczywistego # Monitoruje punkt wsp\u00f3lnego sprz\u0119\u017cenia w obiektach<\/p><\/div><\/div>\t\t<\/div>\n\t\t\t\t<\/div>\n\t\t\t\t\t<\/div>\n\t\t<\/div>\n\t\t\t\t\t\t\t<\/div>\n\t\t<\/section>\n\t\t\t\t<section class=\"elementor-section elementor-top-section elementor-element elementor-element-c7a87dc elementor-section-boxed elementor-section-height-default elementor-section-height-default\" data-id=\"c7a87dc\" data-element_type=\"section\">\n\t\t\t\t\t\t<div class=\"elementor-container elementor-column-gap-default\">\n\t\t\t\t\t<div class=\"elementor-column elementor-col-100 elementor-top-column elementor-element elementor-element-f502708\" data-id=\"f502708\" data-element_type=\"column\">\n\t\t\t<div class=\"elementor-widget-wrap elementor-element-populated\">\n\t\t\t\t\t\t\t\t<div class=\"elementor-element elementor-element-56dc9ac elementor-position-top elementor-widget elementor-widget-image-box\" data-id=\"56dc9ac\" data-element_type=\"widget\" data-widget_type=\"image-box.default\">\n\t\t\t\t<div class=\"elementor-widget-container\">\n\t\t\t<div class=\"elementor-image-box-wrapper\"><figure class=\"elementor-image-box-img\"><a href=\"https:\/\/rejestratorwilgotnosci.pl\/wp\/analizator-jakosci-energii-pqcube-3v\/\" tabindex=\"-1\"><img loading=\"lazy\" decoding=\"async\" width=\"300\" height=\"258\" src=\"https:\/\/rejestratorwilgotnosci.pl\/wp\/wp-content\/uploads\/2022\/09\/przenoscny-analizator-energii-PQUBE-3-300x258-1.webp\" class=\"elementor-animation-grow attachment-medium size-medium wp-image-2465\" alt=\"Przeno\u015bcny analizator energii PQUBE 3\" \/><\/a><\/figure><div class=\"elementor-image-box-content\"><h3 class=\"elementor-image-box-title\"><a href=\"https:\/\/rejestratorwilgotnosci.pl\/wp\/analizator-jakosci-energii-pqcube-3v\/\">Analizator sieci klasy A PQube 3 - wersja przeno\u015bna<\/a><\/h3><p class=\"elementor-image-box-description\"># Samozasilaj\u0105cy, gotowy do u\u017cycia przeno\u015bny zestaw przeznaczony do szybkiej instalacji i tymczasowych kampanii pomiarowych<\/p><\/div><\/div>\t\t<\/div>\n\t\t\t\t<\/div>\n\t\t\t\t\t<\/div>\n\t\t<\/div>\n\t\t\t\t\t\t\t<\/div>\n\t\t<\/section>\n\t\t\t\t<section class=\"elementor-section elementor-top-section elementor-element elementor-element-4600504 elementor-section-boxed elementor-section-height-default elementor-section-height-default\" data-id=\"4600504\" data-element_type=\"section\">\n\t\t\t\t\t\t<div class=\"elementor-container elementor-column-gap-default\">\n\t\t\t\t\t<div class=\"elementor-column elementor-col-100 elementor-top-column elementor-element elementor-element-1e98b3a\" data-id=\"1e98b3a\" data-element_type=\"column\">\n\t\t\t<div class=\"elementor-widget-wrap elementor-element-populated\">\n\t\t\t\t\t\t\t\t<div class=\"elementor-element elementor-element-efc3efa elementor-widget elementor-widget-text-editor\" data-id=\"efc3efa\" data-element_type=\"widget\" data-widget_type=\"text-editor.default\">\n\t\t\t\t<div class=\"elementor-widget-container\">\n\t\t\t\t\t\t\t<p>W naszej ofercie znajduje si\u0119 wi\u0119cej urz\u0105dze\u0144 z kategorii rejestrator jako\u015bci energii.\u00a0 Prosimy o kontakt &#8211; doradzimy, jaki rejestrator jako\u015bci energii b\u0119dzie dla Pa\u0144stwa najlepszy.<\/p>\t\t\t\t\t\t<\/div>\n\t\t\t\t<\/div>\n\t\t\t\t\t<\/div>\n\t\t<\/div>\n\t\t\t\t\t\t\t<\/div>\n\t\t<\/section>\n\t\t\t\t\t\t\t<\/div>\n\t\t","protected":false},"excerpt":{"rendered":"<p>Analizator jako\u015bci energii elektrycznej to urz\u0105dzenie szeroko stosowane w sieciach elektroenergetycznych wszystkich napi\u0119\u0107 oraz w uk\u0142adach zasilaj\u0105cych zak\u0142ady przemys\u0142owe do pomiaru mocy oraz zak\u0142\u00f3ce\u0144. Rej Analizator jako\u015bci energii najcz\u0119\u015bciej&nbsp; wykorzystywany jest do diagnostyki problem\u00f3w w sieciach. Dzi\u0119ki u\u017cyciu analizator\u00f3w mo\u017cna bardzo precyzyjnie okre\u015bli\u0107 miejsce i rodzaj wyst\u0119puj\u0105cych zak\u0142\u00f3ce\u0144. Proces pomiarowy jest zapisywany do pami\u0119ci. Rejestrator [&hellip;]<\/p>\n","protected":false},"author":1,"featured_media":0,"parent":0,"menu_order":0,"comment_status":"closed","ping_status":"closed","template":"","meta":{"footnotes":""},"class_list":["post-2260","page","type-page","status-publish","hentry"],"aioseo_notices":[],"_links":{"self":[{"href":"https:\/\/rejestratorwilgotnosci.pl\/wp\/wp-json\/wp\/v2\/pages\/2260","targetHints":{"allow":["GET"]}}],"collection":[{"href":"https:\/\/rejestratorwilgotnosci.pl\/wp\/wp-json\/wp\/v2\/pages"}],"about":[{"href":"https:\/\/rejestratorwilgotnosci.pl\/wp\/wp-json\/wp\/v2\/types\/page"}],"author":[{"embeddable":true,"href":"https:\/\/rejestratorwilgotnosci.pl\/wp\/wp-json\/wp\/v2\/users\/1"}],"replies":[{"embeddable":true,"href":"https:\/\/rejestratorwilgotnosci.pl\/wp\/wp-json\/wp\/v2\/comments?post=2260"}],"version-history":[{"count":29,"href":"https:\/\/rejestratorwilgotnosci.pl\/wp\/wp-json\/wp\/v2\/pages\/2260\/revisions"}],"predecessor-version":[{"id":2494,"href":"https:\/\/rejestratorwilgotnosci.pl\/wp\/wp-json\/wp\/v2\/pages\/2260\/revisions\/2494"}],"wp:attachment":[{"href":"https:\/\/rejestratorwilgotnosci.pl\/wp\/wp-json\/wp\/v2\/media?parent=2260"}],"curies":[{"name":"wp","href":"https:\/\/api.w.org\/{rel}","templated":true}]}}