{"id":1904,"date":"2021-11-30T12:52:38","date_gmt":"2021-11-30T12:52:38","guid":{"rendered":"https:\/\/rejestratorwilgotnosci.pl\/wp\/?page_id=1904"},"modified":"2021-12-01T10:26:18","modified_gmt":"2021-12-01T10:26:18","slug":"jednorazowe-rejestratory-wilgotnosci-i-temperatury","status":"publish","type":"page","link":"https:\/\/rejestratorwilgotnosci.pl\/wp\/jednorazowe-rejestratory-wilgotnosci-i-temperatury\/","title":{"rendered":"JEDNORAZOWE REJESTRATORY WILGOTNO\u015aCI I TEMPERATURY"},"content":{"rendered":"\t\t<div data-elementor-type=\"wp-page\" data-elementor-id=\"1904\" class=\"elementor elementor-1904\">\n\t\t\t\t\t\t\t\t\t<section class=\"elementor-section elementor-top-section elementor-element elementor-element-1acc555 elementor-section-boxed elementor-section-height-default elementor-section-height-default\" data-id=\"1acc555\" data-element_type=\"section\">\n\t\t\t\t\t\t<div class=\"elementor-container elementor-column-gap-default\">\n\t\t\t\t\t<div class=\"elementor-column elementor-col-100 elementor-top-column elementor-element elementor-element-1ed5350\" data-id=\"1ed5350\" data-element_type=\"column\">\n\t\t\t<div class=\"elementor-widget-wrap elementor-element-populated\">\n\t\t\t\t\t\t\t\t<div class=\"elementor-element elementor-element-0d41273 elementor-widget elementor-widget-text-editor\" data-id=\"0d41273\" data-element_type=\"widget\" data-widget_type=\"text-editor.default\">\n\t\t\t\t<div class=\"elementor-widget-container\">\n\t\t\t<style>\/*! elementor - v3.18.0 - 20-12-2023 *\/\n.elementor-widget-text-editor.elementor-drop-cap-view-stacked .elementor-drop-cap{background-color:#69727d;color:#fff}.elementor-widget-text-editor.elementor-drop-cap-view-framed .elementor-drop-cap{color:#69727d;border:3px solid;background-color:transparent}.elementor-widget-text-editor:not(.elementor-drop-cap-view-default) .elementor-drop-cap{margin-top:8px}.elementor-widget-text-editor:not(.elementor-drop-cap-view-default) .elementor-drop-cap-letter{width:1em;height:1em}.elementor-widget-text-editor .elementor-drop-cap{float:left;text-align:center;line-height:1;font-size:50px}.elementor-widget-text-editor .elementor-drop-cap-letter{display:inline-block}<\/style>\t\t\t\t<div>Nowa linia jednorazowych rejestrator\u00f3w wilgotno\u015bci i temperatury <strong>tempmate<\/strong> zosta\u0142a wyposa\u017cona w udoskonalon\u0105 elektronik\u0119 oraz wy\u015bwietlacz na ka\u017cdym rejestratorze.<\/div>\t\t\t\t\t\t<\/div>\n\t\t\t\t<\/div>\n\t\t\t\t\t<\/div>\n\t\t<\/div>\n\t\t\t\t\t\t\t<\/div>\n\t\t<\/section>\n\t\t\t\t<section class=\"elementor-section elementor-top-section elementor-element elementor-element-a95ac6d elementor-section-boxed elementor-section-height-default elementor-section-height-default\" data-id=\"a95ac6d\" data-element_type=\"section\">\n\t\t\t\t\t\t<div class=\"elementor-container elementor-column-gap-default\">\n\t\t\t\t\t<div class=\"elementor-column elementor-col-100 elementor-top-column elementor-element elementor-element-df82e5d\" data-id=\"df82e5d\" data-element_type=\"column\">\n\t\t\t<div class=\"elementor-widget-wrap elementor-element-populated\">\n\t\t\t\t\t\t\t\t<div class=\"elementor-element elementor-element-e881332 elementor-position-top elementor-widget elementor-widget-image-box\" data-id=\"e881332\" data-element_type=\"widget\" data-widget_type=\"image-box.default\">\n\t\t\t\t<div class=\"elementor-widget-container\">\n\t\t\t<style>\/*! elementor - v3.18.0 - 20-12-2023 *\/\n.elementor-widget-image-box .elementor-image-box-content{width:100%}@media (min-width:768px){.elementor-widget-image-box.elementor-position-left .elementor-image-box-wrapper,.elementor-widget-image-box.elementor-position-right .elementor-image-box-wrapper{display:flex}.elementor-widget-image-box.elementor-position-right .elementor-image-box-wrapper{text-align:right;flex-direction:row-reverse}.elementor-widget-image-box.elementor-position-left .elementor-image-box-wrapper{text-align:left;flex-direction:row}.elementor-widget-image-box.elementor-position-top .elementor-image-box-img{margin:auto}.elementor-widget-image-box.elementor-vertical-align-top .elementor-image-box-wrapper{align-items:flex-start}.elementor-widget-image-box.elementor-vertical-align-middle .elementor-image-box-wrapper{align-items:center}.elementor-widget-image-box.elementor-vertical-align-bottom .elementor-image-box-wrapper{align-items:flex-end}}@media (max-width:767px){.elementor-widget-image-box .elementor-image-box-img{margin-left:auto!important;margin-right:auto!important;margin-bottom:15px}}.elementor-widget-image-box .elementor-image-box-img{display:inline-block}.elementor-widget-image-box .elementor-image-box-title a{color:inherit}.elementor-widget-image-box .elementor-image-box-wrapper{text-align:center}.elementor-widget-image-box .elementor-image-box-description{margin:0}<\/style><div class=\"elementor-image-box-wrapper\"><figure class=\"elementor-image-box-img\"><a href=\"https:\/\/rejestratorwilgotnosci.pl\/wp\/miniaturowy-jednorazowy-rejestrator-temperatury-usb-tempmate-s2-th\/\" tabindex=\"-1\"><img fetchpriority=\"high\" decoding=\"async\" width=\"300\" height=\"174\" src=\"https:\/\/rejestratorwilgotnosci.pl\/wp\/wp-content\/uploads\/2021\/11\/jednorazowy-rejestrator-temperatury-S2-T-2-300x174.png\" class=\"elementor-animation-grow attachment-medium size-medium wp-image-1729\" alt=\"jednorazowy rejestrator temperatury S2 T 2\" srcset=\"https:\/\/rejestratorwilgotnosci.pl\/wp\/wp-content\/uploads\/2021\/11\/jednorazowy-rejestrator-temperatury-S2-T-2-300x174.png 300w, https:\/\/rejestratorwilgotnosci.pl\/wp\/wp-content\/uploads\/2021\/11\/jednorazowy-rejestrator-temperatury-S2-T-2.png 592w\" sizes=\"(max-width: 300px) 100vw, 300px\" \/><\/a><\/figure><div class=\"elementor-image-box-content\"><h3 class=\"elementor-image-box-title\"><a href=\"https:\/\/rejestratorwilgotnosci.pl\/wp\/miniaturowy-jednorazowy-rejestrator-temperatury-usb-tempmate-s2-th\/\">NOWO\u015a\u0106! Jednorazowy rejestrator wilgotno\u015bci i temperatury PDF z WY\u015aWIETLACZEM tempmate.\u00ae-S2 TH<\/a><\/h3><p class=\"elementor-image-box-description\"># Rejestracja wilgotno\u015bci i temperatury\n# USB\n# Zakres: 0 - 100 %rH, \u201330\u00b0C to 70\u00b0C\n# Automatyczne generowanie raport\u00f3w danych w\n  formacie PDF\n# Bezpieczny dla transportowanej \u017cywno\u015bci\n# Ma\u0142y, lekki i p\u0142aski kszta\u0142t pasuje do ka\u017cdego opakowania\n# Natychmiastowe rozpocz\u0119cie pracy po naci\u015bni\u0119ciu przycisku\n# WY\u015aWIETLACZ + Diody LED\n# Zgodny z normami PN-EN12830 oraz FDA 21 CFR 11<\/p><\/div><\/div>\t\t<\/div>\n\t\t\t\t<\/div>\n\t\t\t\t\t<\/div>\n\t\t<\/div>\n\t\t\t\t\t\t\t<\/div>\n\t\t<\/section>\n\t\t\t\t\t\t\t<\/div>\n\t\t","protected":false},"excerpt":{"rendered":"<p>Nowa linia jednorazowych rejestrator\u00f3w wilgotno\u015bci i temperatury tempmate zosta\u0142a wyposa\u017cona w udoskonalon\u0105 elektronik\u0119 oraz wy\u015bwietlacz na ka\u017cdym rejestratorze. NOWO\u015a\u0106! Jednorazowy rejestrator wilgotno\u015bci i temperatury PDF z WY\u015aWIETLACZEM tempmate.\u00ae-S2 TH # Rejestracja wilgotno\u015bci i temperatury # USB # Zakres: 0 &#8211; 100 %rH, \u201330\u00b0C to 70\u00b0C # Automatyczne generowanie raport\u00f3w danych w formacie PDF # Bezpieczny [&hellip;]<\/p>\n","protected":false},"author":1,"featured_media":0,"parent":0,"menu_order":0,"comment_status":"closed","ping_status":"closed","template":"","meta":{"footnotes":""},"class_list":["post-1904","page","type-page","status-publish","hentry"],"aioseo_notices":[],"_links":{"self":[{"href":"https:\/\/rejestratorwilgotnosci.pl\/wp\/wp-json\/wp\/v2\/pages\/1904","targetHints":{"allow":["GET"]}}],"collection":[{"href":"https:\/\/rejestratorwilgotnosci.pl\/wp\/wp-json\/wp\/v2\/pages"}],"about":[{"href":"https:\/\/rejestratorwilgotnosci.pl\/wp\/wp-json\/wp\/v2\/types\/page"}],"author":[{"embeddable":true,"href":"https:\/\/rejestratorwilgotnosci.pl\/wp\/wp-json\/wp\/v2\/users\/1"}],"replies":[{"embeddable":true,"href":"https:\/\/rejestratorwilgotnosci.pl\/wp\/wp-json\/wp\/v2\/comments?post=1904"}],"version-history":[{"count":10,"href":"https:\/\/rejestratorwilgotnosci.pl\/wp\/wp-json\/wp\/v2\/pages\/1904\/revisions"}],"predecessor-version":[{"id":2084,"href":"https:\/\/rejestratorwilgotnosci.pl\/wp\/wp-json\/wp\/v2\/pages\/1904\/revisions\/2084"}],"wp:attachment":[{"href":"https:\/\/rejestratorwilgotnosci.pl\/wp\/wp-json\/wp\/v2\/media?parent=1904"}],"curies":[{"name":"wp","href":"https:\/\/api.w.org\/{rel}","templated":true}]}}