{"id":1721,"date":"2021-11-29T14:02:09","date_gmt":"2021-11-29T14:02:09","guid":{"rendered":"https:\/\/rejestratorwilgotnosci.pl\/wp\/?page_id=1721"},"modified":"2021-12-02T18:42:22","modified_gmt":"2021-12-02T18:42:22","slug":"jednorazowe-rejestratory-temperatury","status":"publish","type":"page","link":"https:\/\/rejestratorwilgotnosci.pl\/wp\/jednorazowe-rejestratory-temperatury\/","title":{"rendered":"JEDNORAZOWE REJESTRATORY TEMPERATURY"},"content":{"rendered":"\t\t<div data-elementor-type=\"wp-page\" data-elementor-id=\"1721\" class=\"elementor elementor-1721\">\n\t\t\t\t\t\t\t\t\t<section class=\"elementor-section elementor-top-section elementor-element elementor-element-1acc555 elementor-section-boxed elementor-section-height-default elementor-section-height-default\" data-id=\"1acc555\" data-element_type=\"section\">\n\t\t\t\t\t\t<div class=\"elementor-container elementor-column-gap-default\">\n\t\t\t\t\t<div class=\"elementor-column elementor-col-100 elementor-top-column elementor-element elementor-element-1ed5350\" data-id=\"1ed5350\" data-element_type=\"column\">\n\t\t\t<div class=\"elementor-widget-wrap elementor-element-populated\">\n\t\t\t\t\t\t\t\t<div class=\"elementor-element elementor-element-0d41273 elementor-widget elementor-widget-text-editor\" data-id=\"0d41273\" data-element_type=\"widget\" data-widget_type=\"text-editor.default\">\n\t\t\t\t<div class=\"elementor-widget-container\">\n\t\t\t<style>\/*! elementor - v3.18.0 - 20-12-2023 *\/\n.elementor-widget-text-editor.elementor-drop-cap-view-stacked .elementor-drop-cap{background-color:#69727d;color:#fff}.elementor-widget-text-editor.elementor-drop-cap-view-framed .elementor-drop-cap{color:#69727d;border:3px solid;background-color:transparent}.elementor-widget-text-editor:not(.elementor-drop-cap-view-default) .elementor-drop-cap{margin-top:8px}.elementor-widget-text-editor:not(.elementor-drop-cap-view-default) .elementor-drop-cap-letter{width:1em;height:1em}.elementor-widget-text-editor .elementor-drop-cap{float:left;text-align:center;line-height:1;font-size:50px}.elementor-widget-text-editor .elementor-drop-cap-letter{display:inline-block}<\/style>\t\t\t\t<div><div style=\"text-align: justify;\"><span style=\"line-height: 21px;\"><span style=\"text-align: left;\"><b>Pro-Elektra<\/b> ma przyjemno\u015b\u0107 zaprezentowa\u0107 Pa\u0144stwu lini\u0119 jednorazowych rejestrator\u00f3w temperatury tempmate-S2 niemieckiej firmy <\/span><\/span><span style=\"line-height: 21px;\"><span style=\"text-align: left;\"><b>tempmate GmbH<\/b><\/span><\/span><span style=\"line-height: 21px;\"><span style=\"text-align: left;\">.<\/span><\/span><\/div><div style=\"text-align: justify;\">\u00a0<\/div><div style=\"text-align: justify;\"><span style=\"text-align: left; line-height: 21px;\">Ten certyfikowany rejestrator temperatury jest \u00a0doskona\u0142ym urz\u0105dzeniem do monitoringu parametr\u00f3w w czasie transportu substancji farmaceutycznych, lek\u00f3w, szczepionek, owoc\u00f3w, nabia\u0142u innych towar\u00f3w, kt\u00f3re wymagaj\u0105 sta\u0142ej rejestracji temperatury. Nie wymagaj\u0105cy oprogramowania, pod\u0142\u0105czany bezpo\u015brednio do USB, miniaturowy, super-prosty w obs\u0142udze tempmate-S2 przewy\u017csza konkurencj\u0119 parametrami i funkcjonalno\u015bci\u0105. <\/span><\/div><div style=\"text-align: justify;\">\u00a0<\/div><span style=\"line-height: 21px;\"><span style=\"text-align: left;\">Idealne do monitorowania warunk\u00f3w transportu. Dzi\u0119ki bliskiej wsp\u00f3\u0142pracy<b> Pro-Elektry<\/b> i <\/span><\/span><span style=\"line-height: 21px;\"><span style=\"text-align: left;\"><b>tempmate GmbH<\/b><\/span><\/span><span style=\"line-height: 21px;\"><span style=\"text-align: left;\">, urz\u0105dzenia tempmate oferujemy Pa\u0144stwu w najni\u017cszej cenie.<\/span><\/span><\/div>\t\t\t\t\t\t<\/div>\n\t\t\t\t<\/div>\n\t\t\t\t\t<\/div>\n\t\t<\/div>\n\t\t\t\t\t\t\t<\/div>\n\t\t<\/section>\n\t\t\t\t<section class=\"elementor-section elementor-top-section elementor-element elementor-element-a95ac6d elementor-section-boxed elementor-section-height-default elementor-section-height-default\" data-id=\"a95ac6d\" data-element_type=\"section\">\n\t\t\t\t\t\t<div class=\"elementor-container elementor-column-gap-default\">\n\t\t\t\t\t<div class=\"elementor-column elementor-col-100 elementor-top-column elementor-element elementor-element-df82e5d\" data-id=\"df82e5d\" data-element_type=\"column\">\n\t\t\t<div class=\"elementor-widget-wrap elementor-element-populated\">\n\t\t\t\t\t\t\t\t<div class=\"elementor-element elementor-element-e881332 elementor-position-top elementor-widget elementor-widget-image-box\" data-id=\"e881332\" data-element_type=\"widget\" data-widget_type=\"image-box.default\">\n\t\t\t\t<div class=\"elementor-widget-container\">\n\t\t\t<style>\/*! elementor - v3.18.0 - 20-12-2023 *\/\n.elementor-widget-image-box .elementor-image-box-content{width:100%}@media (min-width:768px){.elementor-widget-image-box.elementor-position-left .elementor-image-box-wrapper,.elementor-widget-image-box.elementor-position-right .elementor-image-box-wrapper{display:flex}.elementor-widget-image-box.elementor-position-right .elementor-image-box-wrapper{text-align:right;flex-direction:row-reverse}.elementor-widget-image-box.elementor-position-left .elementor-image-box-wrapper{text-align:left;flex-direction:row}.elementor-widget-image-box.elementor-position-top .elementor-image-box-img{margin:auto}.elementor-widget-image-box.elementor-vertical-align-top .elementor-image-box-wrapper{align-items:flex-start}.elementor-widget-image-box.elementor-vertical-align-middle .elementor-image-box-wrapper{align-items:center}.elementor-widget-image-box.elementor-vertical-align-bottom .elementor-image-box-wrapper{align-items:flex-end}}@media (max-width:767px){.elementor-widget-image-box .elementor-image-box-img{margin-left:auto!important;margin-right:auto!important;margin-bottom:15px}}.elementor-widget-image-box .elementor-image-box-img{display:inline-block}.elementor-widget-image-box .elementor-image-box-title a{color:inherit}.elementor-widget-image-box .elementor-image-box-wrapper{text-align:center}.elementor-widget-image-box .elementor-image-box-description{margin:0}<\/style><div class=\"elementor-image-box-wrapper\"><figure class=\"elementor-image-box-img\"><a href=\"https:\/\/rejestratorwilgotnosci.pl\/wp\/miniaturowy-jednorazowy-rejestrator-temperatury-temperatury-i-wilgotnosci-usb-tempmate-s2\/\" tabindex=\"-1\"><img fetchpriority=\"high\" decoding=\"async\" width=\"300\" height=\"174\" src=\"https:\/\/rejestratorwilgotnosci.pl\/wp\/wp-content\/uploads\/2021\/11\/jednorazowy-rejestrator-temperatury-S2-T-2-300x174.png\" class=\"elementor-animation-grow attachment-medium size-medium wp-image-1729\" alt=\"jednorazowy rejestrator temperatury S2 T 2\" srcset=\"https:\/\/rejestratorwilgotnosci.pl\/wp\/wp-content\/uploads\/2021\/11\/jednorazowy-rejestrator-temperatury-S2-T-2-300x174.png 300w, https:\/\/rejestratorwilgotnosci.pl\/wp\/wp-content\/uploads\/2021\/11\/jednorazowy-rejestrator-temperatury-S2-T-2.png 592w\" sizes=\"(max-width: 300px) 100vw, 300px\" \/><\/a><\/figure><div class=\"elementor-image-box-content\"><h3 class=\"elementor-image-box-title\"><a href=\"https:\/\/rejestratorwilgotnosci.pl\/wp\/miniaturowy-jednorazowy-rejestrator-temperatury-temperatury-i-wilgotnosci-usb-tempmate-s2\/\">NOWO\u015a\u0106! Jednorazowy rejestrator temperatury PDF z WY\u015aWIETLACZEM tempmate.\u00ae-S2 T<\/a><\/h3><p class=\"elementor-image-box-description\"># Rejestracja temperatury lub temperatury i wilgotno\u015bci\n# USB\n# Zakres: \u201330 \u00b0C to 70 \u00b0C\n# Automatyczne generowanie raport\u00f3w danych w\n  formacie PDF\n# Bezpieczny dla transportowanej \u017cywno\u015bci\n# Ma\u0142y, lekki i p\u0142aski kszta\u0142t pasuje do ka\u017cdego opakowania\n# Natychmiastowe rozpocz\u0119cie pracy po naci\u015bni\u0119ciu przycisku\n# WY\u015aWIETLACZ + Diody LED\n# Zgodny z normami PN-EN12830 oraz FDA 21 CFR 11<\/p><\/div><\/div>\t\t<\/div>\n\t\t\t\t<\/div>\n\t\t\t\t\t<\/div>\n\t\t<\/div>\n\t\t\t\t\t\t\t<\/div>\n\t\t<\/section>\n\t\t\t\t\t\t\t<\/div>\n\t\t","protected":false},"excerpt":{"rendered":"<p>Pro-Elektra ma przyjemno\u015b\u0107 zaprezentowa\u0107 Pa\u0144stwu lini\u0119 jednorazowych rejestrator\u00f3w temperatury tempmate-S2 niemieckiej firmy tempmate GmbH.\u00a0Ten certyfikowany rejestrator temperatury jest \u00a0doskona\u0142ym urz\u0105dzeniem do monitoringu parametr\u00f3w w czasie transportu substancji farmaceutycznych, lek\u00f3w, szczepionek, owoc\u00f3w, nabia\u0142u innych towar\u00f3w, kt\u00f3re wymagaj\u0105 sta\u0142ej rejestracji temperatury. Nie wymagaj\u0105cy oprogramowania, pod\u0142\u0105czany bezpo\u015brednio do USB, miniaturowy, super-prosty w obs\u0142udze tempmate-S2 przewy\u017csza konkurencj\u0119 parametrami i [&hellip;]<\/p>\n","protected":false},"author":1,"featured_media":0,"parent":0,"menu_order":0,"comment_status":"closed","ping_status":"closed","template":"","meta":{"footnotes":""},"class_list":["post-1721","page","type-page","status-publish","hentry"],"aioseo_notices":[],"_links":{"self":[{"href":"https:\/\/rejestratorwilgotnosci.pl\/wp\/wp-json\/wp\/v2\/pages\/1721","targetHints":{"allow":["GET"]}}],"collection":[{"href":"https:\/\/rejestratorwilgotnosci.pl\/wp\/wp-json\/wp\/v2\/pages"}],"about":[{"href":"https:\/\/rejestratorwilgotnosci.pl\/wp\/wp-json\/wp\/v2\/types\/page"}],"author":[{"embeddable":true,"href":"https:\/\/rejestratorwilgotnosci.pl\/wp\/wp-json\/wp\/v2\/users\/1"}],"replies":[{"embeddable":true,"href":"https:\/\/rejestratorwilgotnosci.pl\/wp\/wp-json\/wp\/v2\/comments?post=1721"}],"version-history":[{"count":13,"href":"https:\/\/rejestratorwilgotnosci.pl\/wp\/wp-json\/wp\/v2\/pages\/1721\/revisions"}],"predecessor-version":[{"id":2120,"href":"https:\/\/rejestratorwilgotnosci.pl\/wp\/wp-json\/wp\/v2\/pages\/1721\/revisions\/2120"}],"wp:attachment":[{"href":"https:\/\/rejestratorwilgotnosci.pl\/wp\/wp-json\/wp\/v2\/media?parent=1721"}],"curies":[{"name":"wp","href":"https:\/\/api.w.org\/{rel}","templated":true}]}}