{"id":1243,"date":"2021-11-22T16:36:43","date_gmt":"2021-11-22T16:36:43","guid":{"rendered":"https:\/\/rejestratorwilgotnosci.pl\/wp\/?page_id=1243"},"modified":"2021-11-22T16:40:13","modified_gmt":"2021-11-22T16:40:13","slug":"higrotermograf-th8p3","status":"publish","type":"page","link":"https:\/\/rejestratorwilgotnosci.pl\/wp\/higrotermograf-th8p3\/","title":{"rendered":"Higrotermograf TH8P3"},"content":{"rendered":"\t\t<div data-elementor-type=\"wp-page\" data-elementor-id=\"1243\" class=\"elementor elementor-1243\">\n\t\t\t\t\t\t\t\t\t<section class=\"elementor-section elementor-top-section elementor-element elementor-element-5cbe2f0 elementor-section-boxed elementor-section-height-default elementor-section-height-default\" data-id=\"5cbe2f0\" data-element_type=\"section\">\n\t\t\t\t\t\t<div class=\"elementor-container elementor-column-gap-default\">\n\t\t\t\t\t<div class=\"elementor-column elementor-col-100 elementor-top-column elementor-element elementor-element-5a09f38\" data-id=\"5a09f38\" data-element_type=\"column\">\n\t\t\t<div class=\"elementor-widget-wrap\">\n\t\t\t\t\t\t\t\t\t<\/div>\n\t\t<\/div>\n\t\t\t\t\t\t\t<\/div>\n\t\t<\/section>\n\t\t\t\t<section class=\"elementor-section elementor-top-section elementor-element elementor-element-31994ee elementor-section-boxed elementor-section-height-default elementor-section-height-default\" data-id=\"31994ee\" data-element_type=\"section\">\n\t\t\t\t\t\t<div class=\"elementor-container elementor-column-gap-default\">\n\t\t\t\t\t<div class=\"elementor-column elementor-col-100 elementor-top-column elementor-element elementor-element-194f9bc\" data-id=\"194f9bc\" data-element_type=\"column\">\n\t\t\t<div class=\"elementor-widget-wrap elementor-element-populated\">\n\t\t\t\t\t\t\t\t<div class=\"elementor-element elementor-element-e88e049 elementor-skin-carousel elementor-arrows-yes elementor-pagination-type-bullets elementor-pagination-position-outside elementor-widget elementor-widget-media-carousel\" data-id=\"e88e049\" data-element_type=\"widget\" data-settings=\"{&quot;skin&quot;:&quot;carousel&quot;,&quot;effect&quot;:&quot;slide&quot;,&quot;show_arrows&quot;:&quot;yes&quot;,&quot;pagination&quot;:&quot;bullets&quot;,&quot;speed&quot;:500,&quot;autoplay&quot;:&quot;yes&quot;,&quot;autoplay_speed&quot;:5000,&quot;loop&quot;:&quot;yes&quot;,&quot;pause_on_hover&quot;:&quot;yes&quot;,&quot;pause_on_interaction&quot;:&quot;yes&quot;,&quot;space_between&quot;:{&quot;unit&quot;:&quot;px&quot;,&quot;size&quot;:10,&quot;sizes&quot;:[]},&quot;space_between_tablet&quot;:{&quot;unit&quot;:&quot;px&quot;,&quot;size&quot;:10,&quot;sizes&quot;:[]},&quot;space_between_mobile&quot;:{&quot;unit&quot;:&quot;px&quot;,&quot;size&quot;:10,&quot;sizes&quot;:[]}}\" data-widget_type=\"media-carousel.default\">\n\t\t\t\t<div class=\"elementor-widget-container\">\n\t\t\t<link rel=\"stylesheet\" href=\"https:\/\/rejestratorwilgotnosci.pl\/wp\/wp-content\/plugins\/elementor-pro\/assets\/css\/widget-carousel.min.css\">\t\t<div class=\"elementor-swiper\">\n\t\t\t<div class=\"elementor-main-swiper swiper-container\">\n\t\t\t\t<div class=\"swiper-wrapper\">\n\t\t\t\t\t\t\t\t\t\t\t<div class=\"swiper-slide\">\n\t\t\t\t\t\t\t\t\t<div class=\"elementor-carousel-image\" role=\"img\" aria-label=\"Higrotermograf TH8P3\" style=\"background-image: url(&#039;https:\/\/rejestratorwilgotnosci.pl\/wp\/wp-content\/uploads\/2021\/11\/Higrometr-TH8P3-4.jpg&#039;)\">\n\n\t\t\t\n\t\t\t\t\t<\/div>\n\t\t\t\t\t\t\t\t<\/div>\n\t\t\t\t\t\t\t\t\t\t\t<div class=\"swiper-slide\">\n\t\t\t\t\t\t\t\t\t<div class=\"elementor-carousel-image\" role=\"img\" aria-label=\"Higrotermograf TH8P3\" style=\"background-image: url(&#039;https:\/\/rejestratorwilgotnosci.pl\/wp\/wp-content\/uploads\/2021\/11\/Higrometr-TH8P3-2.jpg&#039;)\">\n\n\t\t\t\n\t\t\t\t\t<\/div>\n\t\t\t\t\t\t\t\t<\/div>\n\t\t\t\t\t\t\t\t\t\t\t<div class=\"swiper-slide\">\n\t\t\t\t\t\t\t\t\t<div class=\"elementor-carousel-image\" role=\"img\" aria-label=\"Higrotermograf TH8P3\" style=\"background-image: url(&#039;https:\/\/rejestratorwilgotnosci.pl\/wp\/wp-content\/uploads\/2021\/11\/Higrometr-TH8P3-3-1.jpg&#039;)\">\n\n\t\t\t\n\t\t\t\t\t<\/div>\n\t\t\t\t\t\t\t\t<\/div>\n\t\t\t\t\t\t\t\t\t\t\t<div class=\"swiper-slide\">\n\t\t\t\t\t\t\t\t\t<div class=\"elementor-carousel-image\" role=\"img\" aria-label=\"Higrotermograf TH8P3\" style=\"background-image: url(&#039;https:\/\/rejestratorwilgotnosci.pl\/wp\/wp-content\/uploads\/2021\/11\/Higrometr-TH8P3.jpg&#039;)\">\n\n\t\t\t\n\t\t\t\t\t<\/div>\n\t\t\t\t\t\t\t\t<\/div>\n\t\t\t\t\t\t\t\t\t<\/div>\n\t\t\t\t\t\t\t\t\t\t\t\t\t\t\t<div class=\"swiper-pagination\"><\/div>\n\t\t\t\t\t\t\t\t\t\t\t\t\t\t\t\t<div class=\"elementor-swiper-button elementor-swiper-button-prev\" role=\"button\" tabindex=\"0\">\n\t\t\t\t\t\t\t<i aria-hidden=\"true\" class=\"eicon-chevron-left\"><\/i>\t\t\t\t\t\t\t<span class=\"elementor-screen-only\">Poprzedni<\/span>\n\t\t\t\t\t\t<\/div>\n\t\t\t\t\t\t<div class=\"elementor-swiper-button elementor-swiper-button-next\" role=\"button\" tabindex=\"0\">\n\t\t\t\t\t\t\t<i aria-hidden=\"true\" class=\"eicon-chevron-right\"><\/i>\t\t\t\t\t\t\t<span class=\"elementor-screen-only\">Nast\u0119pny<\/span>\n\t\t\t\t\t\t<\/div>\n\t\t\t\t\t\t\t\t\t\t\t\t<\/div>\n\t\t<\/div>\n\t\t\t\t<\/div>\n\t\t\t\t<\/div>\n\t\t\t\t<div class=\"elementor-element elementor-element-7df5c9c elementor-widget elementor-widget-text-editor\" data-id=\"7df5c9c\" data-element_type=\"widget\" data-widget_type=\"text-editor.default\">\n\t\t\t\t<div class=\"elementor-widget-container\">\n\t\t\t<style>\/*! elementor - v3.18.0 - 20-12-2023 *\/\n.elementor-widget-text-editor.elementor-drop-cap-view-stacked .elementor-drop-cap{background-color:#69727d;color:#fff}.elementor-widget-text-editor.elementor-drop-cap-view-framed .elementor-drop-cap{color:#69727d;border:3px solid;background-color:transparent}.elementor-widget-text-editor:not(.elementor-drop-cap-view-default) .elementor-drop-cap{margin-top:8px}.elementor-widget-text-editor:not(.elementor-drop-cap-view-default) .elementor-drop-cap-letter{width:1em;height:1em}.elementor-widget-text-editor .elementor-drop-cap{float:left;text-align:center;line-height:1;font-size:50px}.elementor-widget-text-editor .elementor-drop-cap-letter{display:inline-block}<\/style>\t\t\t\t<div><div><div><div><span class=\"fs16\">Higrotermograf TH8P3 (wyposa\u017cony w wymienny czujnik) to unikalne urz\u0105dzenie o \u015brednicy tarczy a\u017c 203mm, co daje mo\u017cliwo\u015b\u0107 du\u017cej precyzji zapis\u00f3w (rozdzielczo\u015b\u0107 0.1). Zasilany ze zwyk\u0142ych baterii AA. Obudowa ABS o podwy\u017cszonej wytrzyma\u0142o\u015bci. Mo\u017cliwo\u015b\u0107 zawieszenia do \u015bciany. Dodatkowym atutem jest wy\u015bwietlacz cyfrowy przedstawiaj\u0105cy osi\u0105gni\u0119te warto\u015bci Min\/Max.<\/span><\/div><\/div><div>\u00a0<\/div><div><span class=\"fs16\">Rejestrator zosta\u0142 wzbogacony o funkcj\u0119 alarm\u00f3w, wskazuj\u0105ce przekroczenia prog\u00f3w.<\/span><\/div><div>\u00a0<\/div><div><span class=\"fs16\">Higrotermograf produkowany jest przez renomowan\u0105 ameryka\u0144sk\u0105 firm\u0119 Dickson, co gwarantuje wysok\u0105 jako\u015b\u0107 produktu.<\/span><\/div><\/div><div>\u00a0<\/div><\/div><div><p>\u00a0<em>Made in USA!<\/em><\/p><\/div>\t\t\t\t\t\t<\/div>\n\t\t\t\t<\/div>\n\t\t\t\t\t<\/div>\n\t\t<\/div>\n\t\t\t\t\t\t\t<\/div>\n\t\t<\/section>\n\t\t\t\t<section class=\"elementor-section elementor-top-section elementor-element elementor-element-1600ee6 elementor-section-boxed elementor-section-height-default elementor-section-height-default\" data-id=\"1600ee6\" data-element_type=\"section\">\n\t\t\t\t\t\t<div class=\"elementor-container elementor-column-gap-default\">\n\t\t\t\t\t<div class=\"elementor-column elementor-col-100 elementor-top-column elementor-element elementor-element-aecfb3b\" data-id=\"aecfb3b\" data-element_type=\"column\">\n\t\t\t<div class=\"elementor-widget-wrap elementor-element-populated\">\n\t\t\t\t\t\t\t\t<div class=\"elementor-element elementor-element-2d59a04 elementor-invisible elementor-widget elementor-widget-button\" data-id=\"2d59a04\" data-element_type=\"widget\" data-settings=\"{&quot;_animation&quot;:&quot;bounceIn&quot;}\" data-widget_type=\"button.default\">\n\t\t\t\t<div class=\"elementor-widget-container\">\n\t\t\t\t\t<div class=\"elementor-button-wrapper\">\n\t\t\t<a class=\"elementor-button elementor-button-link elementor-size-md elementor-animation-pulse\" href=\"#\">\n\t\t\t\t\t\t<span class=\"elementor-button-content-wrapper\">\n\t\t\t\t\t\t<span class=\"elementor-button-text\">NAJWA\u017bNIEJSZE CECHY<\/span>\n\t\t<\/span>\n\t\t\t\t\t<\/a>\n\t\t<\/div>\n\t\t\t\t<\/div>\n\t\t\t\t<\/div>\n\t\t\t\t\t<\/div>\n\t\t<\/div>\n\t\t\t\t\t\t\t<\/div>\n\t\t<\/section>\n\t\t\t\t<section class=\"elementor-section elementor-top-section elementor-element elementor-element-6a536f7 elementor-section-boxed elementor-section-height-default elementor-section-height-default\" data-id=\"6a536f7\" data-element_type=\"section\">\n\t\t\t\t\t\t<div class=\"elementor-container elementor-column-gap-default\">\n\t\t\t\t\t<div class=\"elementor-column elementor-col-100 elementor-top-column elementor-element elementor-element-45e5229\" data-id=\"45e5229\" data-element_type=\"column\">\n\t\t\t<div class=\"elementor-widget-wrap elementor-element-populated\">\n\t\t\t\t\t\t\t\t<div class=\"elementor-element elementor-element-601d010 elementor-widget elementor-widget-text-editor\" data-id=\"601d010\" data-element_type=\"widget\" data-widget_type=\"text-editor.default\">\n\t\t\t\t<div class=\"elementor-widget-container\">\n\t\t\t\t\t\t\t<ul><li><span class=\"fs16\">Zakres pomiarowy:\u00a0od 0 do 95% RH (bk),\u00a0od\u00a0-20\u00b0C\u00a0do 50\u00b0C.<\/span><\/li><li><span class=\"fs16\">Tarcza 203mm.<\/span><\/li><li><span class=\"fs16\">Alarmy.<\/span><\/li><li><span class=\"fs16\">Dodatkowy wy\u015bwietlacz LCD.<\/span><\/li><li><span class=\"fs16\">Zakresy czasu i temperatury okre\u015blane przez u\u017cytkownika.<\/span><\/li><li><span class=\"fs16\">Pr\u0119dko\u015b\u0107 obrotu tarczy: 24 godziny lub 7 dni.<\/span><\/li><li><span class=\"fs16\">Dodatkowy wska\u017anik poziomu baterii LED.<\/span><\/li><\/ul><ul><li><span class=\"fs16\">Zasilanie bateryjne.<\/span><\/li><\/ul>\t\t\t\t\t\t<\/div>\n\t\t\t\t<\/div>\n\t\t\t\t\t<\/div>\n\t\t<\/div>\n\t\t\t\t\t\t\t<\/div>\n\t\t<\/section>\n\t\t\t\t<section class=\"elementor-section elementor-top-section elementor-element elementor-element-74c9237 elementor-section-boxed elementor-section-height-default elementor-section-height-default\" data-id=\"74c9237\" data-element_type=\"section\">\n\t\t\t\t\t\t<div class=\"elementor-container elementor-column-gap-default\">\n\t\t\t\t\t<div class=\"elementor-column elementor-col-100 elementor-top-column elementor-element elementor-element-90dc2a9\" data-id=\"90dc2a9\" data-element_type=\"column\">\n\t\t\t<div class=\"elementor-widget-wrap elementor-element-populated\">\n\t\t\t\t\t\t\t\t<div class=\"elementor-element elementor-element-40ee814 elementor-invisible elementor-widget elementor-widget-heading\" data-id=\"40ee814\" data-element_type=\"widget\" data-settings=\"{&quot;motion_fx_motion_fx_mouse&quot;:&quot;yes&quot;,&quot;_animation&quot;:&quot;bounceIn&quot;}\" data-widget_type=\"heading.default\">\n\t\t\t\t<div class=\"elementor-widget-container\">\n\t\t\t<style>\/*! elementor - v3.18.0 - 20-12-2023 *\/\n.elementor-heading-title{padding:0;margin:0;line-height:1}.elementor-widget-heading .elementor-heading-title[class*=elementor-size-]>a{color:inherit;font-size:inherit;line-height:inherit}.elementor-widget-heading .elementor-heading-title.elementor-size-small{font-size:15px}.elementor-widget-heading .elementor-heading-title.elementor-size-medium{font-size:19px}.elementor-widget-heading .elementor-heading-title.elementor-size-large{font-size:29px}.elementor-widget-heading .elementor-heading-title.elementor-size-xl{font-size:39px}.elementor-widget-heading .elementor-heading-title.elementor-size-xxl{font-size:59px}<\/style><h2 class=\"elementor-heading-title elementor-size-default\">W naszej ofercie posiadamy ponad 300 rejestrator\u00f3w i miernik\u00f3w wielko\u015bci fizycznych. Zadzwo\u0144 516 522 721 lub napisz do nas info@pro-elektra.pl<\/h2>\t\t<\/div>\n\t\t\t\t<\/div>\n\t\t\t\t\t<\/div>\n\t\t<\/div>\n\t\t\t\t\t\t\t<\/div>\n\t\t<\/section>\n\t\t\t\t\t\t\t<\/div>\n\t\t","protected":false},"excerpt":{"rendered":"<p>Previous Next Higrotermograf TH8P3 (wyposa\u017cony w wymienny czujnik) to unikalne urz\u0105dzenie o \u015brednicy tarczy a\u017c 203mm, co daje mo\u017cliwo\u015b\u0107 du\u017cej precyzji zapis\u00f3w (rozdzielczo\u015b\u0107 0.1). Zasilany ze zwyk\u0142ych baterii AA. Obudowa ABS o podwy\u017cszonej wytrzyma\u0142o\u015bci. Mo\u017cliwo\u015b\u0107 zawieszenia do \u015bciany. Dodatkowym atutem jest wy\u015bwietlacz cyfrowy przedstawiaj\u0105cy osi\u0105gni\u0119te warto\u015bci Min\/Max.\u00a0Rejestrator zosta\u0142 wzbogacony o funkcj\u0119 alarm\u00f3w, wskazuj\u0105ce przekroczenia prog\u00f3w.\u00a0Higrotermograf [&hellip;]<\/p>\n","protected":false},"author":1,"featured_media":0,"parent":0,"menu_order":0,"comment_status":"closed","ping_status":"closed","template":"","meta":{"footnotes":""},"class_list":["post-1243","page","type-page","status-publish","hentry"],"aioseo_notices":[],"_links":{"self":[{"href":"https:\/\/rejestratorwilgotnosci.pl\/wp\/wp-json\/wp\/v2\/pages\/1243","targetHints":{"allow":["GET"]}}],"collection":[{"href":"https:\/\/rejestratorwilgotnosci.pl\/wp\/wp-json\/wp\/v2\/pages"}],"about":[{"href":"https:\/\/rejestratorwilgotnosci.pl\/wp\/wp-json\/wp\/v2\/types\/page"}],"author":[{"embeddable":true,"href":"https:\/\/rejestratorwilgotnosci.pl\/wp\/wp-json\/wp\/v2\/users\/1"}],"replies":[{"embeddable":true,"href":"https:\/\/rejestratorwilgotnosci.pl\/wp\/wp-json\/wp\/v2\/comments?post=1243"}],"version-history":[{"count":4,"href":"https:\/\/rejestratorwilgotnosci.pl\/wp\/wp-json\/wp\/v2\/pages\/1243\/revisions"}],"predecessor-version":[{"id":1252,"href":"https:\/\/rejestratorwilgotnosci.pl\/wp\/wp-json\/wp\/v2\/pages\/1243\/revisions\/1252"}],"wp:attachment":[{"href":"https:\/\/rejestratorwilgotnosci.pl\/wp\/wp-json\/wp\/v2\/media?parent=1243"}],"curies":[{"name":"wp","href":"https:\/\/api.w.org\/{rel}","templated":true}]}}